{"id":103,"date":"2021-09-11T16:19:16","date_gmt":"2021-09-11T14:19:16","guid":{"rendered":"http:\/\/niort-volley-ball.fr\/?page_id=103"},"modified":"2025-09-10T20:09:37","modified_gmt":"2025-09-10T18:09:37","slug":"les-jeunes","status":"publish","type":"page","link":"https:\/\/niort-volley-ball.fr\/index.php\/les-jeunes\/","title":{"rendered":"Ecole de volley"},"content":{"rendered":"\r\n<p>L\u2019\u00e9cole de volley accueille vos enfants le samedi matin de 9h30 \u00e0 10h45. Les enfants sont pris en charge par Pierrick, suppl\u00e9\u00e9 par plusieurs adultes.<\/p>\r\n\r\n\r\n\r\n<p>Ils apprennent les bases du volley, comprenant le toucher de ballon, le jeu et la coh\u00e9sion d&rsquo;\u00e9quipe.<\/p>\r\n\r\n\r\n\r\n<p>Selon la cat\u00e9gorie, les enfants sont invit\u00e9s \u00e0 participer \u00e0 des plateaux le samedi apr\u00e8s-midi au cours desquels ils rencontrent des jeunes d\u2019autres clubs. Ces plateaux d\u00e9butent en g\u00e9n\u00e9ral mi-octobre, pour termin\u00e9s fin mai, avec une p\u00e9riodicit\u00e9 d\u2019environ deux semaines.<\/p>\r\n<p>En fonction du niveau de jeu, des passerelles sur les entra\u00eenements des cat\u00e9gories sup\u00e9rieures reste possible si les entra\u00eeneurs le juge pertinent.<\/p>\r\n","protected":false},"excerpt":{"rendered":"<p>L\u2019\u00e9cole de volley accueille vos enfants le samedi matin de 9h30 \u00e0 10h45. Les enfants sont pris en charge par Pierrick, suppl\u00e9\u00e9 par plusieurs adultes. Ils apprennent les bases du [&hellip;]<\/p>\n","protected":false},"author":1,"featured_media":0,"parent":0,"menu_order":0,"comment_status":"closed","ping_status":"closed","template":"","meta":{"iawp_total_views":442,"footnotes":""},"class_list":["post-103","page","type-page","status-publish","hentry"],"yoast_head":"<!-- This site is optimized with the Yoast SEO plugin v27.5 - https:\/\/yoast.com\/product\/yoast-seo-wordpress\/ -->\n<title>Ecole de volley - Niort Volley Ball<\/title>\n<meta name=\"description\" content=\"Ecole de volley du Niort Volley Ball. Les cr\u00e9neaux, le dispositif, les cat\u00e9gories... C&#039;est ici que vous le retrouverez\" \/>\n<meta name=\"robots\" content=\"index, follow, max-snippet:-1, max-image-preview:large, max-video-preview:-1\" \/>\n<link rel=\"canonical\" href=\"https:\/\/niort-volley-ball.fr\/index.php\/les-jeunes\/\" \/>\n<meta property=\"og:locale\" content=\"fr_FR\" \/>\n<meta property=\"og:type\" content=\"article\" \/>\n<meta property=\"og:title\" content=\"Ecole de volley - Niort Volley Ball\" \/>\n<meta property=\"og:description\" content=\"Ecole de volley du Niort Volley Ball. Les cr\u00e9neaux, le dispositif, les cat\u00e9gories... C&#039;est ici que vous le retrouverez\" \/>\n<meta property=\"og:url\" content=\"https:\/\/niort-volley-ball.fr\/index.php\/les-jeunes\/\" \/>\n<meta property=\"og:site_name\" content=\"Niort Volley Ball\" \/>\n<meta property=\"article:publisher\" content=\"https:\/\/www.facebook.com\/niortvb\/\" \/>\n<meta property=\"article:modified_time\" content=\"2025-09-10T18:09:37+00:00\" \/>\n<meta name=\"twitter:card\" content=\"summary_large_image\" \/>\n<meta name=\"twitter:label1\" content=\"Dur\u00e9e de lecture estim\u00e9e\" \/>\n\t<meta name=\"twitter:data1\" content=\"1 minute\" \/>\n<script type=\"application\/ld+json\" class=\"yoast-schema-graph\">{\"@context\":\"https:\\\/\\\/schema.org\",\"@graph\":[{\"@type\":\"WebPage\",\"@id\":\"https:\\\/\\\/niort-volley-ball.fr\\\/index.php\\\/les-jeunes\\\/\",\"url\":\"https:\\\/\\\/niort-volley-ball.fr\\\/index.php\\\/les-jeunes\\\/\",\"name\":\"Ecole de volley - Niort Volley Ball\",\"isPartOf\":{\"@id\":\"https:\\\/\\\/niort-volley-ball.fr\\\/#website\"},\"datePublished\":\"2021-09-11T14:19:16+00:00\",\"dateModified\":\"2025-09-10T18:09:37+00:00\",\"description\":\"Ecole de volley du Niort Volley Ball. Les cr\u00e9neaux, le dispositif, les cat\u00e9gories... C'est ici que vous le retrouverez\",\"breadcrumb\":{\"@id\":\"https:\\\/\\\/niort-volley-ball.fr\\\/index.php\\\/les-jeunes\\\/#breadcrumb\"},\"inLanguage\":\"fr-FR\",\"potentialAction\":[{\"@type\":\"ReadAction\",\"target\":[\"https:\\\/\\\/niort-volley-ball.fr\\\/index.php\\\/les-jeunes\\\/\"]}]},{\"@type\":\"BreadcrumbList\",\"@id\":\"https:\\\/\\\/niort-volley-ball.fr\\\/index.php\\\/les-jeunes\\\/#breadcrumb\",\"itemListElement\":[{\"@type\":\"ListItem\",\"position\":1,\"name\":\"Accueil\",\"item\":\"https:\\\/\\\/niort-volley-ball.fr\\\/\"},{\"@type\":\"ListItem\",\"position\":2,\"name\":\"Ecole de volley\"}]},{\"@type\":\"WebSite\",\"@id\":\"https:\\\/\\\/niort-volley-ball.fr\\\/#website\",\"url\":\"https:\\\/\\\/niort-volley-ball.fr\\\/\",\"name\":\"Niort Volley Ball\",\"description\":\"\",\"publisher\":{\"@id\":\"https:\\\/\\\/niort-volley-ball.fr\\\/#organization\"},\"potentialAction\":[{\"@type\":\"SearchAction\",\"target\":{\"@type\":\"EntryPoint\",\"urlTemplate\":\"https:\\\/\\\/niort-volley-ball.fr\\\/?s={search_term_string}\"},\"query-input\":{\"@type\":\"PropertyValueSpecification\",\"valueRequired\":true,\"valueName\":\"search_term_string\"}}],\"inLanguage\":\"fr-FR\"},{\"@type\":\"Organization\",\"@id\":\"https:\\\/\\\/niort-volley-ball.fr\\\/#organization\",\"name\":\"Niort Volley Ball\",\"url\":\"https:\\\/\\\/niort-volley-ball.fr\\\/\",\"logo\":{\"@type\":\"ImageObject\",\"inLanguage\":\"fr-FR\",\"@id\":\"https:\\\/\\\/niort-volley-ball.fr\\\/#\\\/schema\\\/logo\\\/image\\\/\",\"url\":\"https:\\\/\\\/niort-volley-ball.fr\\\/wp-content\\\/uploads\\\/2021\\\/09\\\/cropped-cropped-NVBLOGO-3.png\",\"contentUrl\":\"https:\\\/\\\/niort-volley-ball.fr\\\/wp-content\\\/uploads\\\/2021\\\/09\\\/cropped-cropped-NVBLOGO-3.png\",\"width\":250,\"height\":250,\"caption\":\"Niort Volley Ball\"},\"image\":{\"@id\":\"https:\\\/\\\/niort-volley-ball.fr\\\/#\\\/schema\\\/logo\\\/image\\\/\"},\"sameAs\":[\"https:\\\/\\\/www.facebook.com\\\/niortvb\\\/\",\"https:\\\/\\\/www.instagram.com\\\/niortvb\\\/\"]}]}<\/script>\n<!-- \/ Yoast SEO plugin. -->","yoast_head_json":{"title":"Ecole de volley - Niort Volley Ball","description":"Ecole de volley du Niort Volley Ball. Les cr\u00e9neaux, le dispositif, les cat\u00e9gories... C'est ici que vous le retrouverez","robots":{"index":"index","follow":"follow","max-snippet":"max-snippet:-1","max-image-preview":"max-image-preview:large","max-video-preview":"max-video-preview:-1"},"canonical":"https:\/\/niort-volley-ball.fr\/index.php\/les-jeunes\/","og_locale":"fr_FR","og_type":"article","og_title":"Ecole de volley - Niort Volley Ball","og_description":"Ecole de volley du Niort Volley Ball. Les cr\u00e9neaux, le dispositif, les cat\u00e9gories... C'est ici que vous le retrouverez","og_url":"https:\/\/niort-volley-ball.fr\/index.php\/les-jeunes\/","og_site_name":"Niort Volley Ball","article_publisher":"https:\/\/www.facebook.com\/niortvb\/","article_modified_time":"2025-09-10T18:09:37+00:00","twitter_card":"summary_large_image","twitter_misc":{"Dur\u00e9e de lecture estim\u00e9e":"1 minute"},"schema":{"@context":"https:\/\/schema.org","@graph":[{"@type":"WebPage","@id":"https:\/\/niort-volley-ball.fr\/index.php\/les-jeunes\/","url":"https:\/\/niort-volley-ball.fr\/index.php\/les-jeunes\/","name":"Ecole de volley - Niort Volley Ball","isPartOf":{"@id":"https:\/\/niort-volley-ball.fr\/#website"},"datePublished":"2021-09-11T14:19:16+00:00","dateModified":"2025-09-10T18:09:37+00:00","description":"Ecole de volley du Niort Volley Ball. Les cr\u00e9neaux, le dispositif, les cat\u00e9gories... C'est ici que vous le retrouverez","breadcrumb":{"@id":"https:\/\/niort-volley-ball.fr\/index.php\/les-jeunes\/#breadcrumb"},"inLanguage":"fr-FR","potentialAction":[{"@type":"ReadAction","target":["https:\/\/niort-volley-ball.fr\/index.php\/les-jeunes\/"]}]},{"@type":"BreadcrumbList","@id":"https:\/\/niort-volley-ball.fr\/index.php\/les-jeunes\/#breadcrumb","itemListElement":[{"@type":"ListItem","position":1,"name":"Accueil","item":"https:\/\/niort-volley-ball.fr\/"},{"@type":"ListItem","position":2,"name":"Ecole de volley"}]},{"@type":"WebSite","@id":"https:\/\/niort-volley-ball.fr\/#website","url":"https:\/\/niort-volley-ball.fr\/","name":"Niort Volley Ball","description":"","publisher":{"@id":"https:\/\/niort-volley-ball.fr\/#organization"},"potentialAction":[{"@type":"SearchAction","target":{"@type":"EntryPoint","urlTemplate":"https:\/\/niort-volley-ball.fr\/?s={search_term_string}"},"query-input":{"@type":"PropertyValueSpecification","valueRequired":true,"valueName":"search_term_string"}}],"inLanguage":"fr-FR"},{"@type":"Organization","@id":"https:\/\/niort-volley-ball.fr\/#organization","name":"Niort Volley Ball","url":"https:\/\/niort-volley-ball.fr\/","logo":{"@type":"ImageObject","inLanguage":"fr-FR","@id":"https:\/\/niort-volley-ball.fr\/#\/schema\/logo\/image\/","url":"https:\/\/niort-volley-ball.fr\/wp-content\/uploads\/2021\/09\/cropped-cropped-NVBLOGO-3.png","contentUrl":"https:\/\/niort-volley-ball.fr\/wp-content\/uploads\/2021\/09\/cropped-cropped-NVBLOGO-3.png","width":250,"height":250,"caption":"Niort Volley Ball"},"image":{"@id":"https:\/\/niort-volley-ball.fr\/#\/schema\/logo\/image\/"},"sameAs":["https:\/\/www.facebook.com\/niortvb\/","https:\/\/www.instagram.com\/niortvb\/"]}]}},"_links":{"self":[{"href":"https:\/\/niort-volley-ball.fr\/index.php\/wp-json\/wp\/v2\/pages\/103","targetHints":{"allow":["GET"]}}],"collection":[{"href":"https:\/\/niort-volley-ball.fr\/index.php\/wp-json\/wp\/v2\/pages"}],"about":[{"href":"https:\/\/niort-volley-ball.fr\/index.php\/wp-json\/wp\/v2\/types\/page"}],"author":[{"embeddable":true,"href":"https:\/\/niort-volley-ball.fr\/index.php\/wp-json\/wp\/v2\/users\/1"}],"replies":[{"embeddable":true,"href":"https:\/\/niort-volley-ball.fr\/index.php\/wp-json\/wp\/v2\/comments?post=103"}],"version-history":[{"count":7,"href":"https:\/\/niort-volley-ball.fr\/index.php\/wp-json\/wp\/v2\/pages\/103\/revisions"}],"predecessor-version":[{"id":654,"href":"https:\/\/niort-volley-ball.fr\/index.php\/wp-json\/wp\/v2\/pages\/103\/revisions\/654"}],"wp:attachment":[{"href":"https:\/\/niort-volley-ball.fr\/index.php\/wp-json\/wp\/v2\/media?parent=103"}],"curies":[{"name":"wp","href":"https:\/\/api.w.org\/{rel}","templated":true}]}}