{"id":133,"date":"2021-09-11T17:12:17","date_gmt":"2021-09-11T15:12:17","guid":{"rendered":"http:\/\/niort-volley-ball.fr\/?page_id=133"},"modified":"2024-04-28T01:59:28","modified_gmt":"2024-04-27T23:59:28","slug":"resultats","status":"publish","type":"page","link":"https:\/\/niort-volley-ball.fr\/index.php\/resultats\/","title":{"rendered":"RESULTATS"},"content":{"rendered":"\r\n<h2 style=\"padding-left: 40px;\">R\u00e9sultats et programme des matchs de la saison 2023-2024 des \u00e9quipes du Niort Volley Ball<\/h2>\r\n\r\n\r\n\r\n<div class=\"wp-block-columns are-vertically-aligned-top is-layout-flex wp-container-core-columns-is-layout-9d6595d7 wp-block-columns-is-layout-flex\">\r\n<div class=\"wp-block-column is-layout-flow wp-block-column-is-layout-flow\">\r\n<div class=\"wp-block-group\"><div class=\"wp-block-group__inner-container is-layout-flow wp-block-group-is-layout-flow\"><div class=\"wp-block-image is-style-default\">\r\n<figure class=\"aligncenter size-large is-resized\"><img decoding=\"async\" class=\"wp-image-141 lazyload\" style=\"--smush-placeholder-width: 191px; --smush-placeholder-aspect-ratio: 191\/141;width: 191px; height: 141px;\" data-src=\"https:\/\/niort-volley-ball.fr\/wp-content\/uploads\/2021\/09\/pnm2021-1024x758.jpg\" alt=\"\" width=\"191\" height=\"141\" data-srcset=\"https:\/\/niort-volley-ball.fr\/wp-content\/uploads\/2021\/09\/pnm2021-1024x758.jpg 1024w, https:\/\/niort-volley-ball.fr\/wp-content\/uploads\/2021\/09\/pnm2021-300x222.jpg 300w, https:\/\/niort-volley-ball.fr\/wp-content\/uploads\/2021\/09\/pnm2021-768x569.jpg 768w, https:\/\/niort-volley-ball.fr\/wp-content\/uploads\/2021\/09\/pnm2021.jpg 1440w\" data-sizes=\"(max-width: 191px) 100vw, 191px\" src=\"data:image\/svg+xml;base64,PHN2ZyB3aWR0aD0iMSIgaGVpZ2h0PSIxIiB4bWxucz0iaHR0cDovL3d3dy53My5vcmcvMjAwMC9zdmciPjwvc3ZnPg==\" \/><\/figure>\r\n<\/div>\r\n\r\n\r\n<h3 class=\"wp-block-heading has-text-align-left has-black-color has-text-color\" style=\"font-size: 30px;\">Equipes Pr\u00e9 r\u00e9gionales Masculines<\/h3>\r\n<p>2 \u00e9quipes sont engag\u00e9es en championnat pre r\u00e9gional masculin, avec objectifs diff\u00e9rents, dont une mont\u00e9e en pr\u00e9 national.<\/p>\r\n\r\n\r\n\r\n<p class=\"has-text-align-left\"><a href=\"https:\/\/www.ffvbbeach.org\/ffvbapp\/resu\/vbspo_calendrier.php?saison=2023\/2024&amp;codent=PTPO79&amp;poule=ARM\">R\u00e9sultats\u2192<\/a><\/p>\r\n<\/div><\/div>\r\n<\/div>\r\n\r\n\r\n\r\n<div class=\"wp-block-column is-layout-flow wp-block-column-is-layout-flow\">\r\n<div class=\"wp-block-group\"><div class=\"wp-block-group__inner-container is-layout-flow wp-block-group-is-layout-flow\"><div class=\"wp-block-image is-style-default\">\r\n<figure class=\"aligncenter size-full is-resized\"><img decoding=\"async\" class=\"wp-image-14 lazyload\" style=\"--smush-placeholder-width: 142px; --smush-placeholder-aspect-ratio: 142\/142;width: 142px; height: 142px;\" data-src=\"https:\/\/niort-volley-ball.fr\/wp-content\/uploads\/2021\/09\/NVBLOGO.png\" alt=\"\" width=\"142\" height=\"142\" data-srcset=\"https:\/\/niort-volley-ball.fr\/wp-content\/uploads\/2021\/09\/NVBLOGO.png 761w, https:\/\/niort-volley-ball.fr\/wp-content\/uploads\/2021\/09\/NVBLOGO-300x300.png 300w, https:\/\/niort-volley-ball.fr\/wp-content\/uploads\/2021\/09\/NVBLOGO-150x150.png 150w\" data-sizes=\"(max-width: 142px) 100vw, 142px\" src=\"data:image\/svg+xml;base64,PHN2ZyB3aWR0aD0iMSIgaGVpZ2h0PSIxIiB4bWxucz0iaHR0cDovL3d3dy53My5vcmcvMjAwMC9zdmciPjwvc3ZnPg==\" \/><\/figure>\r\n<\/div>\r\n\r\n\r\n<h3 class=\"wp-block-heading has-text-align-left has-black-color has-text-color\" style=\"font-size: 30px;\">Equipes Pr\u00e9 r\u00e9gionales F\u00e9minines<\/h3>\r\n<p>2 \u00e9quipes sont engag\u00e9es en championnat pre r\u00e9gional f\u00e9minin, avec objectifs diff\u00e9rents, dont une mont\u00e9e en pr\u00e9 national.<\/p>\r\n<p>\r\n\r\n<\/p>\r\n\r\n\r\n\r\n<p class=\"has-text-align-left\"><a href=\"https:\/\/www.ffvbbeach.org\/ffvbapp\/resu\/vbspo_calendrier.php?saison=2023\/2024&amp;codent=PTPO79&amp;poule=ARF\">R\u00e9sultats\u00a0 \u2192<\/a><\/p>\r\n<\/div><\/div>\r\n<\/div>\r\n\r\n\r\n\r\n<div class=\"wp-block-column is-layout-flow wp-block-column-is-layout-flow\">\r\n<div class=\"wp-block-group\"><div class=\"wp-block-group__inner-container is-layout-flow wp-block-group-is-layout-flow\"><div class=\"wp-block-image is-style-default\">\r\n<figure class=\"aligncenter size-large is-resized\"><img decoding=\"async\" class=\"wp-image-142 lazyload\" style=\"--smush-placeholder-width: 213px; --smush-placeholder-aspect-ratio: 213\/142;width: 213px; height: 142px;\" data-src=\"https:\/\/niort-volley-ball.fr\/wp-content\/uploads\/2021\/09\/24879721_1751850588222724_6676477289307085116_o-1-1024x683.jpg\" alt=\"\" width=\"213\" height=\"142\" data-srcset=\"https:\/\/niort-volley-ball.fr\/wp-content\/uploads\/2021\/09\/24879721_1751850588222724_6676477289307085116_o-1-1024x683.jpg 1024w, https:\/\/niort-volley-ball.fr\/wp-content\/uploads\/2021\/09\/24879721_1751850588222724_6676477289307085116_o-1-300x200.jpg 300w, https:\/\/niort-volley-ball.fr\/wp-content\/uploads\/2021\/09\/24879721_1751850588222724_6676477289307085116_o-1-768x512.jpg 768w, https:\/\/niort-volley-ball.fr\/wp-content\/uploads\/2021\/09\/24879721_1751850588222724_6676477289307085116_o-1-1536x1024.jpg 1536w, https:\/\/niort-volley-ball.fr\/wp-content\/uploads\/2021\/09\/24879721_1751850588222724_6676477289307085116_o-1.jpg 2048w\" data-sizes=\"(max-width: 213px) 100vw, 213px\" src=\"data:image\/svg+xml;base64,PHN2ZyB3aWR0aD0iMSIgaGVpZ2h0PSIxIiB4bWxucz0iaHR0cDovL3d3dy53My5vcmcvMjAwMC9zdmciPjwvc3ZnPg==\" \/><\/figure>\r\n<\/div>\r\n\r\n\r\n<h2 class=\"wp-block-heading has-text-align-left has-black-color has-text-color\" style=\"font-size: 30px;\">Loisirs<\/h2>\r\n<p>3 \u00e9quipes engag\u00e9es en poules 1 et 2 du championnat du CACDS<\/p>\r\n\r\n\r\n\r\n<p class=\"has-text-align-left\"><a href=\"https:\/\/www.cacds.fr\/spip.php?rubrique11\">R\u00e9sultats<\/a> (sur le site du championnat du CACDS)<\/p>\r\n<\/div><\/div>\r\n<\/div>\r\n<\/div>\r\n\r\n\r\n\r\n<div class=\"wp-block-spacer\" style=\"height: 100px;\" aria-hidden=\"true\">\u00a0<\/div>\r\n","protected":false},"excerpt":{"rendered":"<p>R\u00e9sultats et programme des matchs de la saison 2023-2024 des \u00e9quipes du Niort Volley Ball Equipes Pr\u00e9 r\u00e9gionales Masculines 2 \u00e9quipes sont engag\u00e9es en championnat pre r\u00e9gional masculin, avec objectifs [&hellip;]<\/p>\n","protected":false},"author":1,"featured_media":0,"parent":0,"menu_order":0,"comment_status":"closed","ping_status":"closed","template":"","meta":{"iawp_total_views":249,"footnotes":""},"class_list":["post-133","page","type-page","status-publish","hentry"],"yoast_head":"<!-- This site is optimized with the Yoast SEO plugin v27.5 - https:\/\/yoast.com\/product\/yoast-seo-wordpress\/ -->\n<title>RESULTATS - Niort Volley Ball<\/title>\n<meta name=\"description\" content=\"Les r\u00e9sultats des \u00e9quipes du niort volley ball engag\u00e9es en championnat ARM, ARF et loisirs sur les sites de la FFVB et du CACDS\" \/>\n<meta name=\"robots\" content=\"index, follow, max-snippet:-1, max-image-preview:large, max-video-preview:-1\" \/>\n<link rel=\"canonical\" href=\"https:\/\/niort-volley-ball.fr\/index.php\/resultats\/\" \/>\n<meta property=\"og:locale\" content=\"fr_FR\" \/>\n<meta property=\"og:type\" content=\"article\" \/>\n<meta property=\"og:title\" content=\"RESULTATS - Niort Volley Ball\" \/>\n<meta property=\"og:description\" content=\"Les r\u00e9sultats des \u00e9quipes du niort volley ball engag\u00e9es en championnat ARM, ARF et loisirs sur les sites de la FFVB et du CACDS\" \/>\n<meta property=\"og:url\" content=\"https:\/\/niort-volley-ball.fr\/index.php\/resultats\/\" \/>\n<meta property=\"og:site_name\" content=\"Niort Volley Ball\" \/>\n<meta property=\"article:publisher\" content=\"https:\/\/www.facebook.com\/niortvb\/\" \/>\n<meta property=\"article:modified_time\" content=\"2024-04-27T23:59:28+00:00\" \/>\n<meta property=\"og:image\" content=\"http:\/\/niort-volley-ball.fr\/wp-content\/uploads\/2021\/09\/pnm2021-1024x758.jpg\" \/>\n<meta name=\"twitter:card\" content=\"summary_large_image\" \/>\n<meta name=\"twitter:label1\" content=\"Dur\u00e9e de lecture estim\u00e9e\" \/>\n\t<meta name=\"twitter:data1\" content=\"1 minute\" \/>\n<script type=\"application\/ld+json\" class=\"yoast-schema-graph\">{\"@context\":\"https:\\\/\\\/schema.org\",\"@graph\":[{\"@type\":\"WebPage\",\"@id\":\"https:\\\/\\\/niort-volley-ball.fr\\\/index.php\\\/resultats\\\/\",\"url\":\"https:\\\/\\\/niort-volley-ball.fr\\\/index.php\\\/resultats\\\/\",\"name\":\"RESULTATS - Niort Volley Ball\",\"isPartOf\":{\"@id\":\"https:\\\/\\\/niort-volley-ball.fr\\\/#website\"},\"primaryImageOfPage\":{\"@id\":\"https:\\\/\\\/niort-volley-ball.fr\\\/index.php\\\/resultats\\\/#primaryimage\"},\"image\":{\"@id\":\"https:\\\/\\\/niort-volley-ball.fr\\\/index.php\\\/resultats\\\/#primaryimage\"},\"thumbnailUrl\":\"http:\\\/\\\/niort-volley-ball.fr\\\/wp-content\\\/uploads\\\/2021\\\/09\\\/pnm2021-1024x758.jpg\",\"datePublished\":\"2021-09-11T15:12:17+00:00\",\"dateModified\":\"2024-04-27T23:59:28+00:00\",\"description\":\"Les r\u00e9sultats des \u00e9quipes du niort volley ball engag\u00e9es en championnat ARM, ARF et loisirs sur les sites de la FFVB et du CACDS\",\"breadcrumb\":{\"@id\":\"https:\\\/\\\/niort-volley-ball.fr\\\/index.php\\\/resultats\\\/#breadcrumb\"},\"inLanguage\":\"fr-FR\",\"potentialAction\":[{\"@type\":\"ReadAction\",\"target\":[\"https:\\\/\\\/niort-volley-ball.fr\\\/index.php\\\/resultats\\\/\"]}]},{\"@type\":\"ImageObject\",\"inLanguage\":\"fr-FR\",\"@id\":\"https:\\\/\\\/niort-volley-ball.fr\\\/index.php\\\/resultats\\\/#primaryimage\",\"url\":\"http:\\\/\\\/niort-volley-ball.fr\\\/wp-content\\\/uploads\\\/2021\\\/09\\\/pnm2021-1024x758.jpg\",\"contentUrl\":\"http:\\\/\\\/niort-volley-ball.fr\\\/wp-content\\\/uploads\\\/2021\\\/09\\\/pnm2021-1024x758.jpg\"},{\"@type\":\"BreadcrumbList\",\"@id\":\"https:\\\/\\\/niort-volley-ball.fr\\\/index.php\\\/resultats\\\/#breadcrumb\",\"itemListElement\":[{\"@type\":\"ListItem\",\"position\":1,\"name\":\"Accueil\",\"item\":\"https:\\\/\\\/niort-volley-ball.fr\\\/\"},{\"@type\":\"ListItem\",\"position\":2,\"name\":\"RESULTATS\"}]},{\"@type\":\"WebSite\",\"@id\":\"https:\\\/\\\/niort-volley-ball.fr\\\/#website\",\"url\":\"https:\\\/\\\/niort-volley-ball.fr\\\/\",\"name\":\"Niort Volley Ball\",\"description\":\"\",\"publisher\":{\"@id\":\"https:\\\/\\\/niort-volley-ball.fr\\\/#organization\"},\"potentialAction\":[{\"@type\":\"SearchAction\",\"target\":{\"@type\":\"EntryPoint\",\"urlTemplate\":\"https:\\\/\\\/niort-volley-ball.fr\\\/?s={search_term_string}\"},\"query-input\":{\"@type\":\"PropertyValueSpecification\",\"valueRequired\":true,\"valueName\":\"search_term_string\"}}],\"inLanguage\":\"fr-FR\"},{\"@type\":\"Organization\",\"@id\":\"https:\\\/\\\/niort-volley-ball.fr\\\/#organization\",\"name\":\"Niort Volley Ball\",\"url\":\"https:\\\/\\\/niort-volley-ball.fr\\\/\",\"logo\":{\"@type\":\"ImageObject\",\"inLanguage\":\"fr-FR\",\"@id\":\"https:\\\/\\\/niort-volley-ball.fr\\\/#\\\/schema\\\/logo\\\/image\\\/\",\"url\":\"https:\\\/\\\/niort-volley-ball.fr\\\/wp-content\\\/uploads\\\/2021\\\/09\\\/cropped-cropped-NVBLOGO-3.png\",\"contentUrl\":\"https:\\\/\\\/niort-volley-ball.fr\\\/wp-content\\\/uploads\\\/2021\\\/09\\\/cropped-cropped-NVBLOGO-3.png\",\"width\":250,\"height\":250,\"caption\":\"Niort Volley Ball\"},\"image\":{\"@id\":\"https:\\\/\\\/niort-volley-ball.fr\\\/#\\\/schema\\\/logo\\\/image\\\/\"},\"sameAs\":[\"https:\\\/\\\/www.facebook.com\\\/niortvb\\\/\",\"https:\\\/\\\/www.instagram.com\\\/niortvb\\\/\"]}]}<\/script>\n<!-- \/ Yoast SEO plugin. -->","yoast_head_json":{"title":"RESULTATS - Niort Volley Ball","description":"Les r\u00e9sultats des \u00e9quipes du niort volley ball engag\u00e9es en championnat ARM, ARF et loisirs sur les sites de la FFVB et du CACDS","robots":{"index":"index","follow":"follow","max-snippet":"max-snippet:-1","max-image-preview":"max-image-preview:large","max-video-preview":"max-video-preview:-1"},"canonical":"https:\/\/niort-volley-ball.fr\/index.php\/resultats\/","og_locale":"fr_FR","og_type":"article","og_title":"RESULTATS - Niort Volley Ball","og_description":"Les r\u00e9sultats des \u00e9quipes du niort volley ball engag\u00e9es en championnat ARM, ARF et loisirs sur les sites de la FFVB et du CACDS","og_url":"https:\/\/niort-volley-ball.fr\/index.php\/resultats\/","og_site_name":"Niort Volley Ball","article_publisher":"https:\/\/www.facebook.com\/niortvb\/","article_modified_time":"2024-04-27T23:59:28+00:00","og_image":[{"url":"http:\/\/niort-volley-ball.fr\/wp-content\/uploads\/2021\/09\/pnm2021-1024x758.jpg","type":"","width":"","height":""}],"twitter_card":"summary_large_image","twitter_misc":{"Dur\u00e9e de lecture estim\u00e9e":"1 minute"},"schema":{"@context":"https:\/\/schema.org","@graph":[{"@type":"WebPage","@id":"https:\/\/niort-volley-ball.fr\/index.php\/resultats\/","url":"https:\/\/niort-volley-ball.fr\/index.php\/resultats\/","name":"RESULTATS - Niort Volley Ball","isPartOf":{"@id":"https:\/\/niort-volley-ball.fr\/#website"},"primaryImageOfPage":{"@id":"https:\/\/niort-volley-ball.fr\/index.php\/resultats\/#primaryimage"},"image":{"@id":"https:\/\/niort-volley-ball.fr\/index.php\/resultats\/#primaryimage"},"thumbnailUrl":"http:\/\/niort-volley-ball.fr\/wp-content\/uploads\/2021\/09\/pnm2021-1024x758.jpg","datePublished":"2021-09-11T15:12:17+00:00","dateModified":"2024-04-27T23:59:28+00:00","description":"Les r\u00e9sultats des \u00e9quipes du niort volley ball engag\u00e9es en championnat ARM, ARF et loisirs sur les sites de la FFVB et du CACDS","breadcrumb":{"@id":"https:\/\/niort-volley-ball.fr\/index.php\/resultats\/#breadcrumb"},"inLanguage":"fr-FR","potentialAction":[{"@type":"ReadAction","target":["https:\/\/niort-volley-ball.fr\/index.php\/resultats\/"]}]},{"@type":"ImageObject","inLanguage":"fr-FR","@id":"https:\/\/niort-volley-ball.fr\/index.php\/resultats\/#primaryimage","url":"http:\/\/niort-volley-ball.fr\/wp-content\/uploads\/2021\/09\/pnm2021-1024x758.jpg","contentUrl":"http:\/\/niort-volley-ball.fr\/wp-content\/uploads\/2021\/09\/pnm2021-1024x758.jpg"},{"@type":"BreadcrumbList","@id":"https:\/\/niort-volley-ball.fr\/index.php\/resultats\/#breadcrumb","itemListElement":[{"@type":"ListItem","position":1,"name":"Accueil","item":"https:\/\/niort-volley-ball.fr\/"},{"@type":"ListItem","position":2,"name":"RESULTATS"}]},{"@type":"WebSite","@id":"https:\/\/niort-volley-ball.fr\/#website","url":"https:\/\/niort-volley-ball.fr\/","name":"Niort Volley Ball","description":"","publisher":{"@id":"https:\/\/niort-volley-ball.fr\/#organization"},"potentialAction":[{"@type":"SearchAction","target":{"@type":"EntryPoint","urlTemplate":"https:\/\/niort-volley-ball.fr\/?s={search_term_string}"},"query-input":{"@type":"PropertyValueSpecification","valueRequired":true,"valueName":"search_term_string"}}],"inLanguage":"fr-FR"},{"@type":"Organization","@id":"https:\/\/niort-volley-ball.fr\/#organization","name":"Niort Volley Ball","url":"https:\/\/niort-volley-ball.fr\/","logo":{"@type":"ImageObject","inLanguage":"fr-FR","@id":"https:\/\/niort-volley-ball.fr\/#\/schema\/logo\/image\/","url":"https:\/\/niort-volley-ball.fr\/wp-content\/uploads\/2021\/09\/cropped-cropped-NVBLOGO-3.png","contentUrl":"https:\/\/niort-volley-ball.fr\/wp-content\/uploads\/2021\/09\/cropped-cropped-NVBLOGO-3.png","width":250,"height":250,"caption":"Niort Volley Ball"},"image":{"@id":"https:\/\/niort-volley-ball.fr\/#\/schema\/logo\/image\/"},"sameAs":["https:\/\/www.facebook.com\/niortvb\/","https:\/\/www.instagram.com\/niortvb\/"]}]}},"_links":{"self":[{"href":"https:\/\/niort-volley-ball.fr\/index.php\/wp-json\/wp\/v2\/pages\/133","targetHints":{"allow":["GET"]}}],"collection":[{"href":"https:\/\/niort-volley-ball.fr\/index.php\/wp-json\/wp\/v2\/pages"}],"about":[{"href":"https:\/\/niort-volley-ball.fr\/index.php\/wp-json\/wp\/v2\/types\/page"}],"author":[{"embeddable":true,"href":"https:\/\/niort-volley-ball.fr\/index.php\/wp-json\/wp\/v2\/users\/1"}],"replies":[{"embeddable":true,"href":"https:\/\/niort-volley-ball.fr\/index.php\/wp-json\/wp\/v2\/comments?post=133"}],"version-history":[{"count":11,"href":"https:\/\/niort-volley-ball.fr\/index.php\/wp-json\/wp\/v2\/pages\/133\/revisions"}],"predecessor-version":[{"id":478,"href":"https:\/\/niort-volley-ball.fr\/index.php\/wp-json\/wp\/v2\/pages\/133\/revisions\/478"}],"wp:attachment":[{"href":"https:\/\/niort-volley-ball.fr\/index.php\/wp-json\/wp\/v2\/media?parent=133"}],"curies":[{"name":"wp","href":"https:\/\/api.w.org\/{rel}","templated":true}]}}