{"id":161,"date":"2023-07-15T23:02:59","date_gmt":"2023-07-15T21:02:59","guid":{"rendered":"https:\/\/niort-volley-ball.fr\/?page_id=161"},"modified":"2025-08-28T20:20:26","modified_gmt":"2025-08-28T18:20:26","slug":"entrainements","status":"publish","type":"page","link":"https:\/\/niort-volley-ball.fr\/index.php\/entrainements\/","title":{"rendered":"ENTRAINEMENTS"},"content":{"rendered":"\r\n<h2>O\u00f9 s&rsquo;entrainer ?<\/h2>\r\n\r\n\r\n\r\n<p>Les entrainements sont faits au gymnase de Pissardant, \u00e0 Niort.<\/p>\r\n<h2>A quel moment ?<\/h2>\r\n<p>Les horaires des entrainements de la saison 2025-2026 sont officiels !<\/p>\r\n<p>Un changement notable par rapport \u00e0 l&rsquo;ann\u00e9e derni\u00e8re : l&rsquo;apparition du <strong>cr\u00e9neau du samedi matin<\/strong> afin d&rsquo;accueillir <strong>l&rsquo;\u00e9cole de Volley<\/strong> dans les meilleurs condition.<\/p>\r\n<p>Les cr\u00e9neaux sont donc :<\/p>\r\n<figure id=\"attachment_617\" aria-describedby=\"caption-attachment-617\" style=\"width: 956px\" class=\"wp-caption alignnone\"><img decoding=\"async\" class=\"size-full wp-image-617 lazyload\" data-src=\"https:\/\/niort-volley-ball.fr\/wp-content\/uploads\/2025\/08\/creneaux-2025-2026-Niort-volley-ball.jpg\" alt=\"Cr\u00e9neaux NVB se rapprocher si besoin via reseaux sociaux\" width=\"956\" height=\"341\" data-srcset=\"https:\/\/niort-volley-ball.fr\/wp-content\/uploads\/2025\/08\/creneaux-2025-2026-Niort-volley-ball.jpg 956w, https:\/\/niort-volley-ball.fr\/wp-content\/uploads\/2025\/08\/creneaux-2025-2026-Niort-volley-ball-300x107.jpg 300w, https:\/\/niort-volley-ball.fr\/wp-content\/uploads\/2025\/08\/creneaux-2025-2026-Niort-volley-ball-768x274.jpg 768w\" data-sizes=\"(max-width: 956px) 100vw, 956px\" src=\"data:image\/svg+xml;base64,PHN2ZyB3aWR0aD0iMSIgaGVpZ2h0PSIxIiB4bWxucz0iaHR0cDovL3d3dy53My5vcmcvMjAwMC9zdmciPjwvc3ZnPg==\" style=\"--smush-placeholder-width: 956px; --smush-placeholder-aspect-ratio: 956\/341;\" \/><figcaption id=\"caption-attachment-617\" class=\"wp-caption-text\">Cr\u00e9neaux NVB se rapprocher si besoin via reseaux sociaux<\/figcaption><\/figure>\r\n<ul>\r\n<li>Ecole de volley (jusqu&rsquo;\u00e0 moins de 18 ans) : Samedi matin de 9h30 \u00e0 10h45<\/li>\r\n<li>D\u00e9partementales et R\u00e9gionales f\u00e9minines\r\n<ul>\r\n<li style=\"list-style-type: none;\">\r\n<ul>\r\n<li>Mardi soir 18h30 &#8211; 20h<\/li>\r\n<li>Vendredi soir 19h30 &#8211; 21h<\/li>\r\n<\/ul>\r\n<\/li>\r\n<\/ul>\r\n<\/li>\r\n<li>D\u00e9partementales et R\u00e9gionales Masculines\r\n<ul>\r\n<li style=\"list-style-type: none;\">\r\n<ul>\r\n<li>Mardi soir 20h &#8211; 22h30<\/li>\r\n<li>Vendredi soir 21h &#8211; 22h30<\/li>\r\n<\/ul>\r\n<\/li>\r\n<\/ul>\r\n<\/li>\r\n<li>Loisirs\r\n<ul>\r\n<li style=\"list-style-type: none;\">\r\n<ul>\r\n<li>Mercredi soir 20h &#8211; 23h<\/li>\r\n<\/ul>\r\n<\/li>\r\n<\/ul>\r\n<\/li>\r\n<li>\u00ab\u00a0Multisports\u00a0\u00bb \/ Masters\u00a0\r\n<ul>\r\n<li style=\"list-style-type: none;\">\r\n<ul>\r\n<li>Lundi soir 19h30 &#8211; 21h<\/li>\r\n<\/ul>\r\n<\/li>\r\n<\/ul>\r\n<\/li>\r\n<\/ul>\r\n\r\n\r\n\r\n<figure class=\"wp-block-gallery has-nested-images columns-default is-cropped wp-block-gallery-1 is-layout-flex wp-block-gallery-is-layout-flex\"><\/figure>\r\n\r\n\r\n\r\n<p>&nbsp;<\/p>\r\n<p>Le montage et d\u00e9montage des terrains est \u00e0 inclure dans le temps d\u00e9di\u00e9. Pour plus de jeux, n&rsquo;h\u00e9sitez pas \u00e0 venir quelques minutes en avance afin de pouvoir profiter de l&rsquo;entrainement au maximum.<\/p>\r\n\r\n\r\n\r\n<p>Nous vous retrouvons donc sur les terrains d\u00e8s le vendredi 08 septembre !<\/p>\r\n<h2>O\u00f9 se situe le gymnase ?<\/h2>\r\n<p style=\"text-align: center;\">Gymnase de pissardant, rue de pissardant, 79000, niort<\/p>\r\n<p style=\"text-align: center;\"><div id=\"wpgmza_map\" class=\"wpgmza_map\" data-settings='{\"id\":\"1\",\"map_title\":\"Carte acc\\u00e8s Pissardant\",\"map_width\":\"100\",\"map_height\":\"400\",\"map_start_lat\":\"46.31256595739606\",\"map_start_lng\":\"-0.4372849214710998\",\"map_start_location\":\"45.950464398418106,-109.81550500000003\",\"map_start_zoom\":\"14\",\"default_marker\":\"\",\"type\":\"1\",\"alignment\":\"4\",\"directions_enabled\":\"0\",\"styling_enabled\":\"0\",\"styling_json\":\"\",\"active\":\"0\",\"kml\":\"\",\"bicycle\":\"0\",\"traffic\":\"0\",\"dbox\":\"0\",\"dbox_width\":\"\",\"listmarkers\":\"0\",\"listmarkers_advanced\":\"0\",\"filterbycat\":\"0\",\"ugm_enabled\":\"0\",\"ugm_category_enabled\":\"0\",\"fusion\":\"\",\"map_width_type\":\"%\",\"map_height_type\":\"px\",\"mass_marker_support\":\"0\",\"ugm_access\":\"0\",\"order_markers_by\":\"0\",\"order_markers_choice\":\"0\",\"show_user_location\":\"0\",\"default_to\":\"\",\"other_settings\":{\"map_type\":1,\"sl_stroke_color\":\"\",\"sl_fill_color\":\"\",\"sl_stroke_opacity\":\"\",\"sl_fill_opacity\":\"\",\"transport_layer\":false,\"action\":\"wpgmza_save_map\",\"redirect_to\":\"\\\/wp-admin\\\/admin-post.php\",\"map_id\":\"1\",\"http_referer\":\"\\\/wp-admin\\\/admin.php?page=wp-google-maps-menu&amp;amp;action=edit&amp;amp;map_id=1\",\"wpgmza_id\":\"1\",\"wpgmza_start_location\":\"46.31256595739606,-0.4372849214710998\",\"wpgmza_start_zoom\":\"14\",\"wpgmza_theme_data\":\"\",\"store_locator_enabled\":false,\"store_locator_search_area\":\"radial\",\"wpgmza_store_locator_radius_style\":\"legacy\",\"wpgmza_store_locator_default_radius\":\"10\",\"store_locator_auto_area_max_zoom\":\"\",\"store_locator_distance\":false,\"wpgmza_store_locator_position\":false,\"store_locator_show_distance\":false,\"store_locator_category\":false,\"wpgmza_store_locator_use_their_location\":false,\"wpgmza_store_locator_bounce\":false,\"wpgmza_sl_animation\":null,\"wpgmza_store_locator_hide_before_search\":false,\"store_locator_query_string\":\"\",\"store_locator_default_address\":\"\",\"store_locator_name_search\":false,\"store_locator_name_string\":\"\",\"store_locator_not_found_message\":\"\",\"wpgmza_map_align\":\"2\",\"jump_to_nearest_marker_on_initialization\":false,\"automatically_pan_to_users_location\":false,\"override_users_location_zoom_level\":false,\"override_users_location_zoom_levels\":\"\",\"show_distance_from_location\":false,\"map_max_zoom\":\"21\",\"map_min_zoom\":\"0\",\"click_open_link\":false,\"fit_maps_bounds_to_markers\":false,\"fit_maps_bounds_to_markers_after_filtering\":false,\"hide_point_of_interest\":false,\"wpgmza_zoom_on_marker_click\":false,\"wpgmza_zoom_on_marker_click_slider\":\"\",\"close_infowindow_on_map_click\":false,\"disable_lightbox_images\":false,\"use_Raw_Jpeg_Coordinates\":false,\"polygon_labels\":false,\"disable_polygon_info_windows\":false,\"enable_marker_ratings\":false,\"only_load_markers_within_viewport\":false,\"iw_primary_color\":\"#000000\",\"iw_accent_color\":\"#000000\",\"iw_text_color\":\"#000000\",\"wpgmza_listmarkers_by\":\"0\",\"wpgmza_marker_listing_position\":false,\"wpgmza_push_in_map\":false,\"wpgmza_push_in_map_placement\":null,\"wpgmza_push_in_map_width\":\"\",\"wpgmza_push_in_map_height\":\"\",\"zoom_level_on_marker_listing_override\":false,\"zoom_level_on_marker_listing_click\":\"\",\"datatable_no_result_message\":\"\",\"remove_search_box_datables\":false,\"dataTable_pagination_style\":null,\"datatable_search_string\":\"\",\"datatable_result_start\":\"\",\"datatable_result_of\":\"\",\"datatable_result_to\":\"\",\"datatable_result_total\":\"\",\"datatable_result_show\":\"\",\"datatable_result_entries\":\"\",\"wpgmza_savemap\":\"Enregistrer la carte \\u00bb\",\"store_locator_location_placeholder\":\"\",\"marker_listing_disable_zoom\":false,\"enable_marker_labels\":false,\"zoom_level_mobile_override_enabled\":false,\"zoom_level_mobile_override\":\"\"}}' data-map-id='1' Data-maps-engine='open-layers' data-shortcode-attributes='{\"id\":\"1\"}' style=\"display:block; overflow:auto; width:100%; height:400px; margin-left:auto !important; margin-right:auto; !important; align:center;\"><\/div><\/p>\r\n","protected":false},"excerpt":{"rendered":"<p>O\u00f9 s&rsquo;entrainer ? Les entrainements sont faits au gymnase de Pissardant, \u00e0 Niort. A quel moment ? Les horaires des entrainements de la saison 2025-2026 sont officiels ! Un changement [&hellip;]<\/p>\n","protected":false},"author":4,"featured_media":0,"parent":0,"menu_order":0,"comment_status":"closed","ping_status":"closed","template":"","meta":{"iawp_total_views":1121,"footnotes":""},"class_list":["post-161","page","type-page","status-publish","hentry"],"yoast_head":"<!-- This site is optimized with the Yoast SEO plugin v27.4 - https:\/\/yoast.com\/product\/yoast-seo-wordpress\/ -->\n<title>ENTRAINEMENTS - Niort Volley Ball<\/title>\n<meta name=\"description\" content=\"O\u00f9 et quand s&#039;entrainer au volley ball \u00e0 niort ? Le Niort volley ball propose plusieurs cr\u00e9neaux en fonction de votre \u00e2ge et de notre niveau.\" \/>\n<meta name=\"robots\" content=\"index, follow, max-snippet:-1, max-image-preview:large, max-video-preview:-1\" \/>\n<link rel=\"canonical\" href=\"https:\/\/niort-volley-ball.fr\/index.php\/entrainements\/\" \/>\n<meta property=\"og:locale\" content=\"fr_FR\" \/>\n<meta property=\"og:type\" content=\"article\" \/>\n<meta property=\"og:title\" content=\"ENTRAINEMENTS - Niort Volley Ball\" \/>\n<meta property=\"og:description\" content=\"O\u00f9 et quand s&#039;entrainer au volley ball \u00e0 niort ? Le Niort volley ball propose plusieurs cr\u00e9neaux en fonction de votre \u00e2ge et de notre niveau.\" \/>\n<meta property=\"og:url\" content=\"https:\/\/niort-volley-ball.fr\/index.php\/entrainements\/\" \/>\n<meta property=\"og:site_name\" content=\"Niort Volley Ball\" \/>\n<meta property=\"article:publisher\" content=\"https:\/\/www.facebook.com\/niortvb\/\" \/>\n<meta property=\"article:modified_time\" content=\"2025-08-28T18:20:26+00:00\" \/>\n<meta property=\"og:image\" content=\"https:\/\/niort-volley-ball.fr\/wp-content\/uploads\/2025\/08\/creneaux-2025-2026-Niort-volley-ball.jpg\" \/>\n\t<meta property=\"og:image:width\" content=\"956\" \/>\n\t<meta property=\"og:image:height\" content=\"341\" \/>\n\t<meta property=\"og:image:type\" content=\"image\/jpeg\" \/>\n<meta name=\"twitter:card\" content=\"summary_large_image\" \/>\n<meta name=\"twitter:label1\" content=\"Dur\u00e9e de lecture estim\u00e9e\" \/>\n\t<meta name=\"twitter:data1\" content=\"1 minute\" \/>\n<script type=\"application\/ld+json\" class=\"yoast-schema-graph\">{\"@context\":\"https:\\\/\\\/schema.org\",\"@graph\":[{\"@type\":\"WebPage\",\"@id\":\"https:\\\/\\\/niort-volley-ball.fr\\\/index.php\\\/entrainements\\\/\",\"url\":\"https:\\\/\\\/niort-volley-ball.fr\\\/index.php\\\/entrainements\\\/\",\"name\":\"ENTRAINEMENTS - Niort Volley Ball\",\"isPartOf\":{\"@id\":\"https:\\\/\\\/niort-volley-ball.fr\\\/#website\"},\"primaryImageOfPage\":{\"@id\":\"https:\\\/\\\/niort-volley-ball.fr\\\/index.php\\\/entrainements\\\/#primaryimage\"},\"image\":{\"@id\":\"https:\\\/\\\/niort-volley-ball.fr\\\/index.php\\\/entrainements\\\/#primaryimage\"},\"thumbnailUrl\":\"https:\\\/\\\/niort-volley-ball.fr\\\/wp-content\\\/uploads\\\/2025\\\/08\\\/creneaux-2025-2026-Niort-volley-ball.jpg\",\"datePublished\":\"2023-07-15T21:02:59+00:00\",\"dateModified\":\"2025-08-28T18:20:26+00:00\",\"description\":\"O\u00f9 et quand s'entrainer au volley ball \u00e0 niort ? Le Niort volley ball propose plusieurs cr\u00e9neaux en fonction de votre \u00e2ge et de notre niveau.\",\"breadcrumb\":{\"@id\":\"https:\\\/\\\/niort-volley-ball.fr\\\/index.php\\\/entrainements\\\/#breadcrumb\"},\"inLanguage\":\"fr-FR\",\"potentialAction\":[{\"@type\":\"ReadAction\",\"target\":[\"https:\\\/\\\/niort-volley-ball.fr\\\/index.php\\\/entrainements\\\/\"]}]},{\"@type\":\"ImageObject\",\"inLanguage\":\"fr-FR\",\"@id\":\"https:\\\/\\\/niort-volley-ball.fr\\\/index.php\\\/entrainements\\\/#primaryimage\",\"url\":\"https:\\\/\\\/niort-volley-ball.fr\\\/wp-content\\\/uploads\\\/2025\\\/08\\\/creneaux-2025-2026-Niort-volley-ball.jpg\",\"contentUrl\":\"https:\\\/\\\/niort-volley-ball.fr\\\/wp-content\\\/uploads\\\/2025\\\/08\\\/creneaux-2025-2026-Niort-volley-ball.jpg\",\"width\":956,\"height\":341,\"caption\":\"Cr\u00e9neaux NVB se rapprocher si besoin via reseaux sociaux\"},{\"@type\":\"BreadcrumbList\",\"@id\":\"https:\\\/\\\/niort-volley-ball.fr\\\/index.php\\\/entrainements\\\/#breadcrumb\",\"itemListElement\":[{\"@type\":\"ListItem\",\"position\":1,\"name\":\"Accueil\",\"item\":\"https:\\\/\\\/niort-volley-ball.fr\\\/\"},{\"@type\":\"ListItem\",\"position\":2,\"name\":\"ENTRAINEMENTS\"}]},{\"@type\":\"WebSite\",\"@id\":\"https:\\\/\\\/niort-volley-ball.fr\\\/#website\",\"url\":\"https:\\\/\\\/niort-volley-ball.fr\\\/\",\"name\":\"Niort Volley Ball\",\"description\":\"\",\"publisher\":{\"@id\":\"https:\\\/\\\/niort-volley-ball.fr\\\/#organization\"},\"potentialAction\":[{\"@type\":\"SearchAction\",\"target\":{\"@type\":\"EntryPoint\",\"urlTemplate\":\"https:\\\/\\\/niort-volley-ball.fr\\\/?s={search_term_string}\"},\"query-input\":{\"@type\":\"PropertyValueSpecification\",\"valueRequired\":true,\"valueName\":\"search_term_string\"}}],\"inLanguage\":\"fr-FR\"},{\"@type\":\"Organization\",\"@id\":\"https:\\\/\\\/niort-volley-ball.fr\\\/#organization\",\"name\":\"Niort Volley Ball\",\"url\":\"https:\\\/\\\/niort-volley-ball.fr\\\/\",\"logo\":{\"@type\":\"ImageObject\",\"inLanguage\":\"fr-FR\",\"@id\":\"https:\\\/\\\/niort-volley-ball.fr\\\/#\\\/schema\\\/logo\\\/image\\\/\",\"url\":\"https:\\\/\\\/niort-volley-ball.fr\\\/wp-content\\\/uploads\\\/2021\\\/09\\\/cropped-cropped-NVBLOGO-3.png\",\"contentUrl\":\"https:\\\/\\\/niort-volley-ball.fr\\\/wp-content\\\/uploads\\\/2021\\\/09\\\/cropped-cropped-NVBLOGO-3.png\",\"width\":250,\"height\":250,\"caption\":\"Niort Volley Ball\"},\"image\":{\"@id\":\"https:\\\/\\\/niort-volley-ball.fr\\\/#\\\/schema\\\/logo\\\/image\\\/\"},\"sameAs\":[\"https:\\\/\\\/www.facebook.com\\\/niortvb\\\/\",\"https:\\\/\\\/www.instagram.com\\\/niortvb\\\/\"]}]}<\/script>\n<!-- \/ Yoast SEO plugin. -->","yoast_head_json":{"title":"ENTRAINEMENTS - Niort Volley Ball","description":"O\u00f9 et quand s'entrainer au volley ball \u00e0 niort ? Le Niort volley ball propose plusieurs cr\u00e9neaux en fonction de votre \u00e2ge et de notre niveau.","robots":{"index":"index","follow":"follow","max-snippet":"max-snippet:-1","max-image-preview":"max-image-preview:large","max-video-preview":"max-video-preview:-1"},"canonical":"https:\/\/niort-volley-ball.fr\/index.php\/entrainements\/","og_locale":"fr_FR","og_type":"article","og_title":"ENTRAINEMENTS - Niort Volley Ball","og_description":"O\u00f9 et quand s'entrainer au volley ball \u00e0 niort ? Le Niort volley ball propose plusieurs cr\u00e9neaux en fonction de votre \u00e2ge et de notre niveau.","og_url":"https:\/\/niort-volley-ball.fr\/index.php\/entrainements\/","og_site_name":"Niort Volley Ball","article_publisher":"https:\/\/www.facebook.com\/niortvb\/","article_modified_time":"2025-08-28T18:20:26+00:00","og_image":[{"width":956,"height":341,"url":"https:\/\/niort-volley-ball.fr\/wp-content\/uploads\/2025\/08\/creneaux-2025-2026-Niort-volley-ball.jpg","type":"image\/jpeg"}],"twitter_card":"summary_large_image","twitter_misc":{"Dur\u00e9e de lecture estim\u00e9e":"1 minute"},"schema":{"@context":"https:\/\/schema.org","@graph":[{"@type":"WebPage","@id":"https:\/\/niort-volley-ball.fr\/index.php\/entrainements\/","url":"https:\/\/niort-volley-ball.fr\/index.php\/entrainements\/","name":"ENTRAINEMENTS - Niort Volley Ball","isPartOf":{"@id":"https:\/\/niort-volley-ball.fr\/#website"},"primaryImageOfPage":{"@id":"https:\/\/niort-volley-ball.fr\/index.php\/entrainements\/#primaryimage"},"image":{"@id":"https:\/\/niort-volley-ball.fr\/index.php\/entrainements\/#primaryimage"},"thumbnailUrl":"https:\/\/niort-volley-ball.fr\/wp-content\/uploads\/2025\/08\/creneaux-2025-2026-Niort-volley-ball.jpg","datePublished":"2023-07-15T21:02:59+00:00","dateModified":"2025-08-28T18:20:26+00:00","description":"O\u00f9 et quand s'entrainer au volley ball \u00e0 niort ? Le Niort volley ball propose plusieurs cr\u00e9neaux en fonction de votre \u00e2ge et de notre niveau.","breadcrumb":{"@id":"https:\/\/niort-volley-ball.fr\/index.php\/entrainements\/#breadcrumb"},"inLanguage":"fr-FR","potentialAction":[{"@type":"ReadAction","target":["https:\/\/niort-volley-ball.fr\/index.php\/entrainements\/"]}]},{"@type":"ImageObject","inLanguage":"fr-FR","@id":"https:\/\/niort-volley-ball.fr\/index.php\/entrainements\/#primaryimage","url":"https:\/\/niort-volley-ball.fr\/wp-content\/uploads\/2025\/08\/creneaux-2025-2026-Niort-volley-ball.jpg","contentUrl":"https:\/\/niort-volley-ball.fr\/wp-content\/uploads\/2025\/08\/creneaux-2025-2026-Niort-volley-ball.jpg","width":956,"height":341,"caption":"Cr\u00e9neaux NVB se rapprocher si besoin via reseaux sociaux"},{"@type":"BreadcrumbList","@id":"https:\/\/niort-volley-ball.fr\/index.php\/entrainements\/#breadcrumb","itemListElement":[{"@type":"ListItem","position":1,"name":"Accueil","item":"https:\/\/niort-volley-ball.fr\/"},{"@type":"ListItem","position":2,"name":"ENTRAINEMENTS"}]},{"@type":"WebSite","@id":"https:\/\/niort-volley-ball.fr\/#website","url":"https:\/\/niort-volley-ball.fr\/","name":"Niort Volley Ball","description":"","publisher":{"@id":"https:\/\/niort-volley-ball.fr\/#organization"},"potentialAction":[{"@type":"SearchAction","target":{"@type":"EntryPoint","urlTemplate":"https:\/\/niort-volley-ball.fr\/?s={search_term_string}"},"query-input":{"@type":"PropertyValueSpecification","valueRequired":true,"valueName":"search_term_string"}}],"inLanguage":"fr-FR"},{"@type":"Organization","@id":"https:\/\/niort-volley-ball.fr\/#organization","name":"Niort Volley Ball","url":"https:\/\/niort-volley-ball.fr\/","logo":{"@type":"ImageObject","inLanguage":"fr-FR","@id":"https:\/\/niort-volley-ball.fr\/#\/schema\/logo\/image\/","url":"https:\/\/niort-volley-ball.fr\/wp-content\/uploads\/2021\/09\/cropped-cropped-NVBLOGO-3.png","contentUrl":"https:\/\/niort-volley-ball.fr\/wp-content\/uploads\/2021\/09\/cropped-cropped-NVBLOGO-3.png","width":250,"height":250,"caption":"Niort Volley Ball"},"image":{"@id":"https:\/\/niort-volley-ball.fr\/#\/schema\/logo\/image\/"},"sameAs":["https:\/\/www.facebook.com\/niortvb\/","https:\/\/www.instagram.com\/niortvb\/"]}]}},"_links":{"self":[{"href":"https:\/\/niort-volley-ball.fr\/index.php\/wp-json\/wp\/v2\/pages\/161","targetHints":{"allow":["GET"]}}],"collection":[{"href":"https:\/\/niort-volley-ball.fr\/index.php\/wp-json\/wp\/v2\/pages"}],"about":[{"href":"https:\/\/niort-volley-ball.fr\/index.php\/wp-json\/wp\/v2\/types\/page"}],"author":[{"embeddable":true,"href":"https:\/\/niort-volley-ball.fr\/index.php\/wp-json\/wp\/v2\/users\/4"}],"replies":[{"embeddable":true,"href":"https:\/\/niort-volley-ball.fr\/index.php\/wp-json\/wp\/v2\/comments?post=161"}],"version-history":[{"count":26,"href":"https:\/\/niort-volley-ball.fr\/index.php\/wp-json\/wp\/v2\/pages\/161\/revisions"}],"predecessor-version":[{"id":640,"href":"https:\/\/niort-volley-ball.fr\/index.php\/wp-json\/wp\/v2\/pages\/161\/revisions\/640"}],"wp:attachment":[{"href":"https:\/\/niort-volley-ball.fr\/index.php\/wp-json\/wp\/v2\/media?parent=161"}],"curies":[{"name":"wp","href":"https:\/\/api.w.org\/{rel}","templated":true}]}}