{"id":21,"date":"2021-09-08T23:19:03","date_gmt":"2021-09-08T21:19:03","guid":{"rendered":"http:\/\/niort-volley-ball.fr\/?page_id=21"},"modified":"2026-04-04T16:56:01","modified_gmt":"2026-04-04T14:56:01","slug":"volley-niort-club-de-volley-club-formateur-volley-loisir","status":"publish","type":"page","link":"https:\/\/niort-volley-ball.fr\/","title":{"rendered":"Bienvenue au Niort Volley Ball !"},"content":{"rendered":"\r\n\r\n\r\n<h2>Notre tournoi Patrick Essomba approche !!!<\/h2>\r\n<p>Nous vous attendons nombreux et en pleine forme le dimanche 24 mai 2026 !<br \/>Rendez-vous \u00e0 partir de 9h30, sur le terrain en herbe derri\u00e8re le gymnase de Pissardant, afin de vous inscrire par \u00e9quipe de 3 (matchs en 3vs3).<\/p>\r\n<p>Le tarif est de 24\u20ac par \u00e9quipe. Attention, il y a un nombre limite de 40 \u00e9quipes, alors premier arriv\u00e9, premier servi !<\/p>\r\n<p>Votre pr\u00e9inscription ne vous dispense pas de vous inscrire le jour-J, mais r\u00e9serve votre place en cas de forte demande.<\/p>\r\n<p>Pour vous r\u00e9compenser de vos efforts, de nombreux lots sont \u00e0 gagner et le tee-shirt annuel du tournoi vous ait offert !<\/p>\r\n<p>Vous pouvez vous pr\u00e9inscrire gr\u00e2ce au QR code ou gr\u00e2ce au lien suivant : <a href=\"https:\/\/forms.gle\/cwPoLxcGkYCmFTKd7\">https:\/\/forms.gle\/cwPoLxcGkYCmFTKd7<\/a><br \/>En esp\u00e9rant vous voir nombreux !! A bient\u00f4t sur les terrains !<\/p>\r\n<figure id=\"attachment_668\" aria-describedby=\"caption-attachment-668\" style=\"width: 724px\" class=\"wp-caption alignnone\"><img decoding=\"async\" class=\"size-full wp-image-668 lazyload\" data-src=\"https:\/\/niort-volley-ball.fr\/wp-content\/uploads\/2026\/04\/tournoi-patrick-essomba-volley-2026.jpg\" alt=\"tournoi patrick essomba volley sur herbe 2026\" width=\"724\" height=\"1024\" data-srcset=\"https:\/\/niort-volley-ball.fr\/wp-content\/uploads\/2026\/04\/tournoi-patrick-essomba-volley-2026.jpg 724w, https:\/\/niort-volley-ball.fr\/wp-content\/uploads\/2026\/04\/tournoi-patrick-essomba-volley-2026-212x300.jpg 212w\" data-sizes=\"(max-width: 724px) 100vw, 724px\" src=\"data:image\/svg+xml;base64,PHN2ZyB3aWR0aD0iMSIgaGVpZ2h0PSIxIiB4bWxucz0iaHR0cDovL3d3dy53My5vcmcvMjAwMC9zdmciPjwvc3ZnPg==\" style=\"--smush-placeholder-width: 724px; --smush-placeholder-aspect-ratio: 724\/1024;\" \/><figcaption id=\"caption-attachment-668\" class=\"wp-caption-text\">tournoi patrick essomba volley sur herbe 2026<\/figcaption><\/figure>\r\n<div class=\"wp-block-group\">\r\n<div class=\"wp-block-columns\">\u00a0<\/div>\r\n<\/div>\r\n","protected":false},"excerpt":{"rendered":"<p>Notre tournoi Patrick Essomba approche !!! Nous vous attendons nombreux et en pleine forme le dimanche 24 mai 2026 !Rendez-vous \u00e0 partir de 9h30, sur le terrain en herbe derri\u00e8re [&hellip;]<\/p>\n","protected":false},"author":1,"featured_media":0,"parent":0,"menu_order":0,"comment_status":"closed","ping_status":"closed","template":"","meta":{"iawp_total_views":6608,"footnotes":""},"class_list":["post-21","page","type-page","status-publish","hentry"],"yoast_head":"<!-- This site is optimized with the Yoast SEO plugin v27.5 - https:\/\/yoast.com\/product\/yoast-seo-wordpress\/ -->\n<title>Bienvenue au Niort Volley Ball ! - Niort Volley Ball<\/title>\n<meta name=\"description\" content=\"Toute l&#039;actualit\u00e9 du club Niort Volley Ball, du volley r\u00e9gional, volley d\u00e9partemental, volley loisir \u00e0 Niort, club formateur ffvb Niort Volley Ball Niort Volley Ball Venez rencontrer, encourager, et jouer avec les joueurs et joueuses du Niort Volley Ball !\" \/>\n<meta name=\"robots\" content=\"index, follow, max-snippet:-1, max-image-preview:large, max-video-preview:-1\" \/>\n<link rel=\"canonical\" href=\"https:\/\/niort-volley-ball.fr\/\" \/>\n<meta property=\"og:locale\" content=\"fr_FR\" \/>\n<meta property=\"og:type\" content=\"article\" \/>\n<meta property=\"og:title\" content=\"Bienvenue au Niort Volley Ball ! - Niort Volley Ball\" \/>\n<meta property=\"og:description\" content=\"Toute l&#039;actualit\u00e9 du club Niort Volley Ball, du volley r\u00e9gional, volley d\u00e9partemental, volley loisir \u00e0 Niort, club formateur ffvb Niort Volley Ball Niort Volley Ball Venez rencontrer, encourager, et jouer avec les joueurs et joueuses du Niort Volley Ball !\" \/>\n<meta property=\"og:url\" content=\"https:\/\/niort-volley-ball.fr\/\" \/>\n<meta property=\"og:site_name\" content=\"Niort Volley Ball\" \/>\n<meta property=\"article:publisher\" content=\"https:\/\/www.facebook.com\/niortvb\/\" \/>\n<meta property=\"article:modified_time\" content=\"2026-04-04T14:56:01+00:00\" \/>\n<meta property=\"og:image\" content=\"https:\/\/niort-volley-ball.fr\/wp-content\/uploads\/2026\/04\/tournoi-patrick-essomba-volley-2026.jpg\" \/>\n\t<meta property=\"og:image:width\" content=\"724\" \/>\n\t<meta property=\"og:image:height\" content=\"1024\" \/>\n\t<meta property=\"og:image:type\" content=\"image\/jpeg\" \/>\n<meta name=\"twitter:card\" content=\"summary_large_image\" \/>\n<meta name=\"twitter:label1\" content=\"Dur\u00e9e de lecture estim\u00e9e\" \/>\n\t<meta name=\"twitter:data1\" content=\"1 minute\" \/>\n<script type=\"application\/ld+json\" class=\"yoast-schema-graph\">{\"@context\":\"https:\\\/\\\/schema.org\",\"@graph\":[{\"@type\":\"WebPage\",\"@id\":\"https:\\\/\\\/niort-volley-ball.fr\\\/\",\"url\":\"https:\\\/\\\/niort-volley-ball.fr\\\/\",\"name\":\"Bienvenue au Niort Volley Ball ! - Niort Volley Ball\",\"isPartOf\":{\"@id\":\"https:\\\/\\\/niort-volley-ball.fr\\\/#website\"},\"primaryImageOfPage\":{\"@id\":\"https:\\\/\\\/niort-volley-ball.fr\\\/#primaryimage\"},\"image\":{\"@id\":\"https:\\\/\\\/niort-volley-ball.fr\\\/#primaryimage\"},\"thumbnailUrl\":\"https:\\\/\\\/niort-volley-ball.fr\\\/wp-content\\\/uploads\\\/2026\\\/04\\\/tournoi-patrick-essomba-volley-2026.jpg\",\"datePublished\":\"2021-09-08T21:19:03+00:00\",\"dateModified\":\"2026-04-04T14:56:01+00:00\",\"description\":\"Toute l'actualit\u00e9 du club Niort Volley Ball, du volley r\u00e9gional, volley d\u00e9partemental, volley loisir \u00e0 Niort, club formateur ffvb Niort Volley Ball Niort Volley Ball Venez rencontrer, encourager, et jouer avec les joueurs et joueuses du Niort Volley Ball !\",\"breadcrumb\":{\"@id\":\"https:\\\/\\\/niort-volley-ball.fr\\\/#breadcrumb\"},\"inLanguage\":\"fr-FR\",\"potentialAction\":[{\"@type\":\"ReadAction\",\"target\":[\"https:\\\/\\\/niort-volley-ball.fr\\\/\"]}]},{\"@type\":\"ImageObject\",\"inLanguage\":\"fr-FR\",\"@id\":\"https:\\\/\\\/niort-volley-ball.fr\\\/#primaryimage\",\"url\":\"https:\\\/\\\/niort-volley-ball.fr\\\/wp-content\\\/uploads\\\/2026\\\/04\\\/tournoi-patrick-essomba-volley-2026.jpg\",\"contentUrl\":\"https:\\\/\\\/niort-volley-ball.fr\\\/wp-content\\\/uploads\\\/2026\\\/04\\\/tournoi-patrick-essomba-volley-2026.jpg\",\"width\":724,\"height\":1024,\"caption\":\"tournoi patrick essomba volley sur herbe 2026\"},{\"@type\":\"BreadcrumbList\",\"@id\":\"https:\\\/\\\/niort-volley-ball.fr\\\/#breadcrumb\",\"itemListElement\":[{\"@type\":\"ListItem\",\"position\":1,\"name\":\"Accueil\",\"item\":\"https:\\\/\\\/niort-volley-ball.fr\\\/\"},{\"@type\":\"ListItem\",\"position\":2,\"name\":\"Bienvenue au Niort Volley Ball !\"}]},{\"@type\":\"WebSite\",\"@id\":\"https:\\\/\\\/niort-volley-ball.fr\\\/#website\",\"url\":\"https:\\\/\\\/niort-volley-ball.fr\\\/\",\"name\":\"Niort Volley Ball\",\"description\":\"\",\"publisher\":{\"@id\":\"https:\\\/\\\/niort-volley-ball.fr\\\/#organization\"},\"potentialAction\":[{\"@type\":\"SearchAction\",\"target\":{\"@type\":\"EntryPoint\",\"urlTemplate\":\"https:\\\/\\\/niort-volley-ball.fr\\\/?s={search_term_string}\"},\"query-input\":{\"@type\":\"PropertyValueSpecification\",\"valueRequired\":true,\"valueName\":\"search_term_string\"}}],\"inLanguage\":\"fr-FR\"},{\"@type\":\"Organization\",\"@id\":\"https:\\\/\\\/niort-volley-ball.fr\\\/#organization\",\"name\":\"Niort Volley Ball\",\"url\":\"https:\\\/\\\/niort-volley-ball.fr\\\/\",\"logo\":{\"@type\":\"ImageObject\",\"inLanguage\":\"fr-FR\",\"@id\":\"https:\\\/\\\/niort-volley-ball.fr\\\/#\\\/schema\\\/logo\\\/image\\\/\",\"url\":\"https:\\\/\\\/niort-volley-ball.fr\\\/wp-content\\\/uploads\\\/2021\\\/09\\\/cropped-cropped-NVBLOGO-3.png\",\"contentUrl\":\"https:\\\/\\\/niort-volley-ball.fr\\\/wp-content\\\/uploads\\\/2021\\\/09\\\/cropped-cropped-NVBLOGO-3.png\",\"width\":250,\"height\":250,\"caption\":\"Niort Volley Ball\"},\"image\":{\"@id\":\"https:\\\/\\\/niort-volley-ball.fr\\\/#\\\/schema\\\/logo\\\/image\\\/\"},\"sameAs\":[\"https:\\\/\\\/www.facebook.com\\\/niortvb\\\/\",\"https:\\\/\\\/www.instagram.com\\\/niortvb\\\/\"]}]}<\/script>\n<!-- \/ Yoast SEO plugin. -->","yoast_head_json":{"title":"Bienvenue au Niort Volley Ball ! - Niort Volley Ball","description":"Toute l'actualit\u00e9 du club Niort Volley Ball, du volley r\u00e9gional, volley d\u00e9partemental, volley loisir \u00e0 Niort, club formateur ffvb Niort Volley Ball Niort Volley Ball Venez rencontrer, encourager, et jouer avec les joueurs et joueuses du Niort Volley Ball !","robots":{"index":"index","follow":"follow","max-snippet":"max-snippet:-1","max-image-preview":"max-image-preview:large","max-video-preview":"max-video-preview:-1"},"canonical":"https:\/\/niort-volley-ball.fr\/","og_locale":"fr_FR","og_type":"article","og_title":"Bienvenue au Niort Volley Ball ! - Niort Volley Ball","og_description":"Toute l'actualit\u00e9 du club Niort Volley Ball, du volley r\u00e9gional, volley d\u00e9partemental, volley loisir \u00e0 Niort, club formateur ffvb Niort Volley Ball Niort Volley Ball Venez rencontrer, encourager, et jouer avec les joueurs et joueuses du Niort Volley Ball !","og_url":"https:\/\/niort-volley-ball.fr\/","og_site_name":"Niort Volley Ball","article_publisher":"https:\/\/www.facebook.com\/niortvb\/","article_modified_time":"2026-04-04T14:56:01+00:00","og_image":[{"width":724,"height":1024,"url":"https:\/\/niort-volley-ball.fr\/wp-content\/uploads\/2026\/04\/tournoi-patrick-essomba-volley-2026.jpg","type":"image\/jpeg"}],"twitter_card":"summary_large_image","twitter_misc":{"Dur\u00e9e de lecture estim\u00e9e":"1 minute"},"schema":{"@context":"https:\/\/schema.org","@graph":[{"@type":"WebPage","@id":"https:\/\/niort-volley-ball.fr\/","url":"https:\/\/niort-volley-ball.fr\/","name":"Bienvenue au Niort Volley Ball ! - Niort Volley Ball","isPartOf":{"@id":"https:\/\/niort-volley-ball.fr\/#website"},"primaryImageOfPage":{"@id":"https:\/\/niort-volley-ball.fr\/#primaryimage"},"image":{"@id":"https:\/\/niort-volley-ball.fr\/#primaryimage"},"thumbnailUrl":"https:\/\/niort-volley-ball.fr\/wp-content\/uploads\/2026\/04\/tournoi-patrick-essomba-volley-2026.jpg","datePublished":"2021-09-08T21:19:03+00:00","dateModified":"2026-04-04T14:56:01+00:00","description":"Toute l'actualit\u00e9 du club Niort Volley Ball, du volley r\u00e9gional, volley d\u00e9partemental, volley loisir \u00e0 Niort, club formateur ffvb Niort Volley Ball Niort Volley Ball Venez rencontrer, encourager, et jouer avec les joueurs et joueuses du Niort Volley Ball !","breadcrumb":{"@id":"https:\/\/niort-volley-ball.fr\/#breadcrumb"},"inLanguage":"fr-FR","potentialAction":[{"@type":"ReadAction","target":["https:\/\/niort-volley-ball.fr\/"]}]},{"@type":"ImageObject","inLanguage":"fr-FR","@id":"https:\/\/niort-volley-ball.fr\/#primaryimage","url":"https:\/\/niort-volley-ball.fr\/wp-content\/uploads\/2026\/04\/tournoi-patrick-essomba-volley-2026.jpg","contentUrl":"https:\/\/niort-volley-ball.fr\/wp-content\/uploads\/2026\/04\/tournoi-patrick-essomba-volley-2026.jpg","width":724,"height":1024,"caption":"tournoi patrick essomba volley sur herbe 2026"},{"@type":"BreadcrumbList","@id":"https:\/\/niort-volley-ball.fr\/#breadcrumb","itemListElement":[{"@type":"ListItem","position":1,"name":"Accueil","item":"https:\/\/niort-volley-ball.fr\/"},{"@type":"ListItem","position":2,"name":"Bienvenue au Niort Volley Ball !"}]},{"@type":"WebSite","@id":"https:\/\/niort-volley-ball.fr\/#website","url":"https:\/\/niort-volley-ball.fr\/","name":"Niort Volley Ball","description":"","publisher":{"@id":"https:\/\/niort-volley-ball.fr\/#organization"},"potentialAction":[{"@type":"SearchAction","target":{"@type":"EntryPoint","urlTemplate":"https:\/\/niort-volley-ball.fr\/?s={search_term_string}"},"query-input":{"@type":"PropertyValueSpecification","valueRequired":true,"valueName":"search_term_string"}}],"inLanguage":"fr-FR"},{"@type":"Organization","@id":"https:\/\/niort-volley-ball.fr\/#organization","name":"Niort Volley Ball","url":"https:\/\/niort-volley-ball.fr\/","logo":{"@type":"ImageObject","inLanguage":"fr-FR","@id":"https:\/\/niort-volley-ball.fr\/#\/schema\/logo\/image\/","url":"https:\/\/niort-volley-ball.fr\/wp-content\/uploads\/2021\/09\/cropped-cropped-NVBLOGO-3.png","contentUrl":"https:\/\/niort-volley-ball.fr\/wp-content\/uploads\/2021\/09\/cropped-cropped-NVBLOGO-3.png","width":250,"height":250,"caption":"Niort Volley Ball"},"image":{"@id":"https:\/\/niort-volley-ball.fr\/#\/schema\/logo\/image\/"},"sameAs":["https:\/\/www.facebook.com\/niortvb\/","https:\/\/www.instagram.com\/niortvb\/"]}]}},"_links":{"self":[{"href":"https:\/\/niort-volley-ball.fr\/index.php\/wp-json\/wp\/v2\/pages\/21","targetHints":{"allow":["GET"]}}],"collection":[{"href":"https:\/\/niort-volley-ball.fr\/index.php\/wp-json\/wp\/v2\/pages"}],"about":[{"href":"https:\/\/niort-volley-ball.fr\/index.php\/wp-json\/wp\/v2\/types\/page"}],"author":[{"embeddable":true,"href":"https:\/\/niort-volley-ball.fr\/index.php\/wp-json\/wp\/v2\/users\/1"}],"replies":[{"embeddable":true,"href":"https:\/\/niort-volley-ball.fr\/index.php\/wp-json\/wp\/v2\/comments?post=21"}],"version-history":[{"count":56,"href":"https:\/\/niort-volley-ball.fr\/index.php\/wp-json\/wp\/v2\/pages\/21\/revisions"}],"predecessor-version":[{"id":671,"href":"https:\/\/niort-volley-ball.fr\/index.php\/wp-json\/wp\/v2\/pages\/21\/revisions\/671"}],"wp:attachment":[{"href":"https:\/\/niort-volley-ball.fr\/index.php\/wp-json\/wp\/v2\/media?parent=21"}],"curies":[{"name":"wp","href":"https:\/\/api.w.org\/{rel}","templated":true}]}}