{"id":233,"date":"2023-08-31T10:54:54","date_gmt":"2023-08-31T08:54:54","guid":{"rendered":"https:\/\/niort-volley-ball.fr\/?page_id=233"},"modified":"2023-08-31T10:54:55","modified_gmt":"2023-08-31T08:54:55","slug":"histoire-du-club","status":"publish","type":"page","link":"https:\/\/niort-volley-ball.fr\/index.php\/le-club\/histoire-du-club\/","title":{"rendered":"HISTOIRE DU CLUB"},"content":{"rendered":"\n<h2 class=\"wp-block-heading\">1972 Une union<\/h2>\n\n\n\n<p>Le 16 juin 1972 messieurs REY, GARRAVET et BIARD respectivement pr\u00e9sidents du SA Souch\u00e9, de L&rsquo;Olympic L\u00e9ogarien et de l&rsquo;Amicale La\u00efque Niortaise prirent la d\u00e9cision de faire fusionner leurs associations.<\/p>\n\n\n\n<p>De ce jour naqu\u00eet le Niort Volley Ball.<\/p>\n\n\n\n<h2 class=\"wp-block-heading\">Fin 70s Une ambition<\/h2>\n\n\n\n<p>Fin des ann\u00e9es 70, le club tend \u00e0 pratiquer au del\u00e0 de la r\u00e9gion avec plusieurs participations \u00e0 la coupe de France et une accession en 3\u00e8me division nationale (Nationale 3).<\/p>\n\n\n\n<h2 class=\"wp-block-heading\">80s Le haut niveau<\/h2>\n\n\n\n<p>Apr\u00e8s le maintien des \u00e9quipes phare \u00e0 un \u00e9chelon national, l&rsquo;\u00e9quipe senior masculine acc\u00e8de \u00e0 la Nationale 2 avec des joueurs tels que Jean Pierre Hiquet (Metz), Christian Pfeiffer (Stade Poitevin), Christophe Humbert, Olivier Choteau, Dominique Raffeneau se voyant m\u00eame renforc\u00e9e quelques ann\u00e9es plus tard par l&rsquo;arriv\u00e9e de Simon Bright (Canada), St\u00e9fan P\u00e9trov (Bulgarie), Philippe Quirstorff (Allemagne), et Dominique Le Torrec ces derniers ayant \u00e9volu\u00e9 en Pro A avec le Stade Poitevin.<\/p>\n\n\n\n<h2 class=\"wp-block-heading\">1990 Une fiert\u00e9<\/h2>\n\n\n\n<p>Apr\u00e8s l&rsquo;\u00e9quipe masculine, l&rsquo;\u00e9quipe f\u00e9minine atteint elle aussi la Nationale 2, gr\u00e2ce notamment \u00e0 l&rsquo;arriv\u00e9e dans l&rsquo;effectif de Christian Pfeiffer de Lydie Choteau, Heather Haffner (USA), Sandrine N&rsquo;Doumou et Caroline Couturier (CEP Poitiers).<\/p>\n\n\n\n<h2 class=\"wp-block-heading\">90s Un danger<\/h2>\n\n\n\n<p>\u00c0 l&rsquo;aube des ann\u00e9es 90 le club s&rsquo;essouffle et les esprits divergent au sein de l&rsquo;association ce qui d\u00e9clencha la d\u00e9mission de certains membres pourtant vou\u00e9s \u00e0 la cause du Niort Volley Ball.<\/p>\n\n\n\n<h2 class=\"wp-block-heading\">1996 Le sauvetage<\/h2>\n\n\n\n<p>Sauv\u00e9 des eaux le club fut repris en main par Patrick ESSOMBA et Christophe HUMBERT, ce pourquoi en son honneur, le NVB cr\u00e9a le Troph\u00e9e Patrick ESSOMBA.<\/p>\n\n\n\n<h2 class=\"wp-block-heading\">Et aujourd&rsquo;hui ?<\/h2>\n\n\n\n<p>Aujourd\u2019hui, le Niort Volley Ball (alias NVB) met en place un projet sportif ambitieux, lequel a pour objectif de promouvoir le club et le Volley- ball dans le bassin niortais et plus largement au sein du d\u00e9partement et de la r\u00e9gion. Dans ce but, nous souhaitons renforcer les \u00e9quipes jeunes de tout \u00e2ge, car le d\u00e9veloppement du club en d\u00e9pend. Aussi, nous mettrons un point d\u2019honneur \u00e0 accompagner et \u00e0 suivre la progression de nos jeunes. Afin de dispenser des entra\u00eenements de qualit\u00e9, le club souhaite s\u2019inscrire dans un plan de formation de cadres. Nous nous effor\u00e7ons de pr\u00e9senter le volley-ball comme un sport d\u2019esprit d\u2019\u00e9quipe, de coh\u00e9sion, de partage, et de respect.<\/p>\n\n\n\n<p>Nous proposons aux jeunes, et au plus \u00e2g\u00e9s, qui le souhaitent, un cadre de formation adapt\u00e9 \u00e0 leurs envies. C\u2019est ainsi que nous les accompagnerons dans leur d\u00e9marche de d\u00e9couverte des diff\u00e9rentes composantes de notre sport : l\u2019arbitrage, l\u2019entra\u00eenement, le management sportif et le milieu associatif.<\/p>\n","protected":false},"excerpt":{"rendered":"<p>1972 Une union Le 16 juin 1972 messieurs REY, GARRAVET et BIARD respectivement pr\u00e9sidents du SA Souch\u00e9, de L&rsquo;Olympic L\u00e9ogarien et de l&rsquo;Amicale La\u00efque Niortaise prirent la d\u00e9cision de faire [&hellip;]<\/p>\n","protected":false},"author":5,"featured_media":0,"parent":82,"menu_order":0,"comment_status":"closed","ping_status":"closed","template":"","meta":{"iawp_total_views":175,"footnotes":""},"class_list":["post-233","page","type-page","status-publish","hentry"],"yoast_head":"<!-- This site is optimized with the Yoast SEO plugin v27.5 - https:\/\/yoast.com\/product\/yoast-seo-wordpress\/ -->\n<title>HISTOIRE DU CLUB - Niort Volley Ball<\/title>\n<meta name=\"robots\" content=\"index, follow, max-snippet:-1, max-image-preview:large, max-video-preview:-1\" \/>\n<link rel=\"canonical\" href=\"https:\/\/niort-volley-ball.fr\/index.php\/le-club\/histoire-du-club\/\" \/>\n<meta property=\"og:locale\" content=\"fr_FR\" \/>\n<meta property=\"og:type\" content=\"article\" \/>\n<meta property=\"og:title\" content=\"HISTOIRE DU CLUB - Niort Volley Ball\" \/>\n<meta property=\"og:description\" content=\"1972 Une union Le 16 juin 1972 messieurs REY, GARRAVET et BIARD respectivement pr\u00e9sidents du SA Souch\u00e9, de L&rsquo;Olympic L\u00e9ogarien et de l&rsquo;Amicale La\u00efque Niortaise prirent la d\u00e9cision de faire [&hellip;]\" \/>\n<meta property=\"og:url\" content=\"https:\/\/niort-volley-ball.fr\/index.php\/le-club\/histoire-du-club\/\" \/>\n<meta property=\"og:site_name\" content=\"Niort Volley Ball\" \/>\n<meta property=\"article:publisher\" content=\"https:\/\/www.facebook.com\/niortvb\/\" \/>\n<meta property=\"article:modified_time\" content=\"2023-08-31T08:54:55+00:00\" \/>\n<meta name=\"twitter:card\" content=\"summary_large_image\" \/>\n<meta name=\"twitter:label1\" content=\"Dur\u00e9e de lecture estim\u00e9e\" \/>\n\t<meta name=\"twitter:data1\" content=\"2 minutes\" \/>\n<script type=\"application\/ld+json\" class=\"yoast-schema-graph\">{\"@context\":\"https:\\\/\\\/schema.org\",\"@graph\":[{\"@type\":\"WebPage\",\"@id\":\"https:\\\/\\\/niort-volley-ball.fr\\\/index.php\\\/le-club\\\/histoire-du-club\\\/\",\"url\":\"https:\\\/\\\/niort-volley-ball.fr\\\/index.php\\\/le-club\\\/histoire-du-club\\\/\",\"name\":\"HISTOIRE DU CLUB - Niort Volley Ball\",\"isPartOf\":{\"@id\":\"https:\\\/\\\/niort-volley-ball.fr\\\/#website\"},\"datePublished\":\"2023-08-31T08:54:54+00:00\",\"dateModified\":\"2023-08-31T08:54:55+00:00\",\"breadcrumb\":{\"@id\":\"https:\\\/\\\/niort-volley-ball.fr\\\/index.php\\\/le-club\\\/histoire-du-club\\\/#breadcrumb\"},\"inLanguage\":\"fr-FR\",\"potentialAction\":[{\"@type\":\"ReadAction\",\"target\":[\"https:\\\/\\\/niort-volley-ball.fr\\\/index.php\\\/le-club\\\/histoire-du-club\\\/\"]}]},{\"@type\":\"BreadcrumbList\",\"@id\":\"https:\\\/\\\/niort-volley-ball.fr\\\/index.php\\\/le-club\\\/histoire-du-club\\\/#breadcrumb\",\"itemListElement\":[{\"@type\":\"ListItem\",\"position\":1,\"name\":\"Accueil\",\"item\":\"https:\\\/\\\/niort-volley-ball.fr\\\/\"},{\"@type\":\"ListItem\",\"position\":2,\"name\":\"LE CLUB\",\"item\":\"https:\\\/\\\/niort-volley-ball.fr\\\/index.php\\\/le-club\\\/\"},{\"@type\":\"ListItem\",\"position\":3,\"name\":\"HISTOIRE DU CLUB\"}]},{\"@type\":\"WebSite\",\"@id\":\"https:\\\/\\\/niort-volley-ball.fr\\\/#website\",\"url\":\"https:\\\/\\\/niort-volley-ball.fr\\\/\",\"name\":\"Niort Volley Ball\",\"description\":\"\",\"publisher\":{\"@id\":\"https:\\\/\\\/niort-volley-ball.fr\\\/#organization\"},\"potentialAction\":[{\"@type\":\"SearchAction\",\"target\":{\"@type\":\"EntryPoint\",\"urlTemplate\":\"https:\\\/\\\/niort-volley-ball.fr\\\/?s={search_term_string}\"},\"query-input\":{\"@type\":\"PropertyValueSpecification\",\"valueRequired\":true,\"valueName\":\"search_term_string\"}}],\"inLanguage\":\"fr-FR\"},{\"@type\":\"Organization\",\"@id\":\"https:\\\/\\\/niort-volley-ball.fr\\\/#organization\",\"name\":\"Niort Volley Ball\",\"url\":\"https:\\\/\\\/niort-volley-ball.fr\\\/\",\"logo\":{\"@type\":\"ImageObject\",\"inLanguage\":\"fr-FR\",\"@id\":\"https:\\\/\\\/niort-volley-ball.fr\\\/#\\\/schema\\\/logo\\\/image\\\/\",\"url\":\"https:\\\/\\\/niort-volley-ball.fr\\\/wp-content\\\/uploads\\\/2021\\\/09\\\/cropped-cropped-NVBLOGO-3.png\",\"contentUrl\":\"https:\\\/\\\/niort-volley-ball.fr\\\/wp-content\\\/uploads\\\/2021\\\/09\\\/cropped-cropped-NVBLOGO-3.png\",\"width\":250,\"height\":250,\"caption\":\"Niort Volley Ball\"},\"image\":{\"@id\":\"https:\\\/\\\/niort-volley-ball.fr\\\/#\\\/schema\\\/logo\\\/image\\\/\"},\"sameAs\":[\"https:\\\/\\\/www.facebook.com\\\/niortvb\\\/\",\"https:\\\/\\\/www.instagram.com\\\/niortvb\\\/\"]}]}<\/script>\n<!-- \/ Yoast SEO plugin. -->","yoast_head_json":{"title":"HISTOIRE DU CLUB - Niort Volley Ball","robots":{"index":"index","follow":"follow","max-snippet":"max-snippet:-1","max-image-preview":"max-image-preview:large","max-video-preview":"max-video-preview:-1"},"canonical":"https:\/\/niort-volley-ball.fr\/index.php\/le-club\/histoire-du-club\/","og_locale":"fr_FR","og_type":"article","og_title":"HISTOIRE DU CLUB - Niort Volley Ball","og_description":"1972 Une union Le 16 juin 1972 messieurs REY, GARRAVET et BIARD respectivement pr\u00e9sidents du SA Souch\u00e9, de L&rsquo;Olympic L\u00e9ogarien et de l&rsquo;Amicale La\u00efque Niortaise prirent la d\u00e9cision de faire [&hellip;]","og_url":"https:\/\/niort-volley-ball.fr\/index.php\/le-club\/histoire-du-club\/","og_site_name":"Niort Volley Ball","article_publisher":"https:\/\/www.facebook.com\/niortvb\/","article_modified_time":"2023-08-31T08:54:55+00:00","twitter_card":"summary_large_image","twitter_misc":{"Dur\u00e9e de lecture estim\u00e9e":"2 minutes"},"schema":{"@context":"https:\/\/schema.org","@graph":[{"@type":"WebPage","@id":"https:\/\/niort-volley-ball.fr\/index.php\/le-club\/histoire-du-club\/","url":"https:\/\/niort-volley-ball.fr\/index.php\/le-club\/histoire-du-club\/","name":"HISTOIRE DU CLUB - Niort Volley Ball","isPartOf":{"@id":"https:\/\/niort-volley-ball.fr\/#website"},"datePublished":"2023-08-31T08:54:54+00:00","dateModified":"2023-08-31T08:54:55+00:00","breadcrumb":{"@id":"https:\/\/niort-volley-ball.fr\/index.php\/le-club\/histoire-du-club\/#breadcrumb"},"inLanguage":"fr-FR","potentialAction":[{"@type":"ReadAction","target":["https:\/\/niort-volley-ball.fr\/index.php\/le-club\/histoire-du-club\/"]}]},{"@type":"BreadcrumbList","@id":"https:\/\/niort-volley-ball.fr\/index.php\/le-club\/histoire-du-club\/#breadcrumb","itemListElement":[{"@type":"ListItem","position":1,"name":"Accueil","item":"https:\/\/niort-volley-ball.fr\/"},{"@type":"ListItem","position":2,"name":"LE CLUB","item":"https:\/\/niort-volley-ball.fr\/index.php\/le-club\/"},{"@type":"ListItem","position":3,"name":"HISTOIRE DU CLUB"}]},{"@type":"WebSite","@id":"https:\/\/niort-volley-ball.fr\/#website","url":"https:\/\/niort-volley-ball.fr\/","name":"Niort Volley Ball","description":"","publisher":{"@id":"https:\/\/niort-volley-ball.fr\/#organization"},"potentialAction":[{"@type":"SearchAction","target":{"@type":"EntryPoint","urlTemplate":"https:\/\/niort-volley-ball.fr\/?s={search_term_string}"},"query-input":{"@type":"PropertyValueSpecification","valueRequired":true,"valueName":"search_term_string"}}],"inLanguage":"fr-FR"},{"@type":"Organization","@id":"https:\/\/niort-volley-ball.fr\/#organization","name":"Niort Volley Ball","url":"https:\/\/niort-volley-ball.fr\/","logo":{"@type":"ImageObject","inLanguage":"fr-FR","@id":"https:\/\/niort-volley-ball.fr\/#\/schema\/logo\/image\/","url":"https:\/\/niort-volley-ball.fr\/wp-content\/uploads\/2021\/09\/cropped-cropped-NVBLOGO-3.png","contentUrl":"https:\/\/niort-volley-ball.fr\/wp-content\/uploads\/2021\/09\/cropped-cropped-NVBLOGO-3.png","width":250,"height":250,"caption":"Niort Volley Ball"},"image":{"@id":"https:\/\/niort-volley-ball.fr\/#\/schema\/logo\/image\/"},"sameAs":["https:\/\/www.facebook.com\/niortvb\/","https:\/\/www.instagram.com\/niortvb\/"]}]}},"_links":{"self":[{"href":"https:\/\/niort-volley-ball.fr\/index.php\/wp-json\/wp\/v2\/pages\/233","targetHints":{"allow":["GET"]}}],"collection":[{"href":"https:\/\/niort-volley-ball.fr\/index.php\/wp-json\/wp\/v2\/pages"}],"about":[{"href":"https:\/\/niort-volley-ball.fr\/index.php\/wp-json\/wp\/v2\/types\/page"}],"author":[{"embeddable":true,"href":"https:\/\/niort-volley-ball.fr\/index.php\/wp-json\/wp\/v2\/users\/5"}],"replies":[{"embeddable":true,"href":"https:\/\/niort-volley-ball.fr\/index.php\/wp-json\/wp\/v2\/comments?post=233"}],"version-history":[{"count":2,"href":"https:\/\/niort-volley-ball.fr\/index.php\/wp-json\/wp\/v2\/pages\/233\/revisions"}],"predecessor-version":[{"id":235,"href":"https:\/\/niort-volley-ball.fr\/index.php\/wp-json\/wp\/v2\/pages\/233\/revisions\/235"}],"up":[{"embeddable":true,"href":"https:\/\/niort-volley-ball.fr\/index.php\/wp-json\/wp\/v2\/pages\/82"}],"wp:attachment":[{"href":"https:\/\/niort-volley-ball.fr\/index.php\/wp-json\/wp\/v2\/media?parent=233"}],"curies":[{"name":"wp","href":"https:\/\/api.w.org\/{rel}","templated":true}]}}