{"id":238,"date":"2023-08-31T10:54:22","date_gmt":"2023-08-31T08:54:22","guid":{"rendered":"https:\/\/niort-volley-ball.fr\/?page_id=238"},"modified":"2023-08-31T10:54:23","modified_gmt":"2023-08-31T08:54:23","slug":"nos-partenaires","status":"publish","type":"page","link":"https:\/\/niort-volley-ball.fr\/index.php\/nos-partenaires\/","title":{"rendered":"NOS PARTENAIRES"},"content":{"rendered":"\n<h2 class=\"wp-block-heading\"><strong>Nos partenaires \u00e0 l&rsquo;ann\u00e9e<\/strong><\/h2>\n\n\n\n<p><a href=\"https:\/\/www.alltechconsulting.fr\">Alltech Consulting<\/a>, entreprise de services num\u00e9riques<\/p>\n\n\n\n<figure class=\"wp-block-image size-full is-resized\"><img decoding=\"async\" data-src=\"https:\/\/niort-volley-ball.fr\/wp-content\/uploads\/2023\/08\/logo_d44bbe2ca9bb9f54d8a4f48ecb07bfe2_2x.png\" alt=\"\" class=\"wp-image-261 lazyload\" style=\"--smush-placeholder-width: 216px; --smush-placeholder-aspect-ratio: 216\/108;width:216px;height:108px\" width=\"216\" height=\"108\" data-srcset=\"https:\/\/niort-volley-ball.fr\/wp-content\/uploads\/2023\/08\/logo_d44bbe2ca9bb9f54d8a4f48ecb07bfe2_2x.png 328w, https:\/\/niort-volley-ball.fr\/wp-content\/uploads\/2023\/08\/logo_d44bbe2ca9bb9f54d8a4f48ecb07bfe2_2x-300x150.png 300w\" data-sizes=\"(max-width: 216px) 100vw, 216px\" src=\"data:image\/svg+xml;base64,PHN2ZyB3aWR0aD0iMSIgaGVpZ2h0PSIxIiB4bWxucz0iaHR0cDovL3d3dy53My5vcmcvMjAwMC9zdmciPjwvc3ZnPg==\" \/><\/figure>\n\n\n\n<p><a href=\"https:\/\/rhapsody-portage-salarial.com\/\">Rhapsody<\/a>, soci\u00e9t\u00e9 de portage salarial<\/p>\n\n\n\n<figure class=\"wp-block-image size-full is-resized\"><img decoding=\"async\" data-src=\"https:\/\/niort-volley-ball.fr\/wp-content\/uploads\/2023\/08\/logo-Rhapsody.png\" alt=\"\" class=\"wp-image-263 lazyload\" style=\"--smush-placeholder-width: 220px; --smush-placeholder-aspect-ratio: 220\/90;width:220px;height:90px\" width=\"220\" height=\"90\" data-srcset=\"https:\/\/niort-volley-ball.fr\/wp-content\/uploads\/2023\/08\/logo-Rhapsody.png 512w, https:\/\/niort-volley-ball.fr\/wp-content\/uploads\/2023\/08\/logo-Rhapsody-300x122.png 300w\" data-sizes=\"(max-width: 220px) 100vw, 220px\" src=\"data:image\/svg+xml;base64,PHN2ZyB3aWR0aD0iMSIgaGVpZ2h0PSIxIiB4bWxucz0iaHR0cDovL3d3dy53My5vcmcvMjAwMC9zdmciPjwvc3ZnPg==\" \/><\/figure>\n\n\n\n<p><a href=\"https:\/\/www.chazelles.com\/store-locator\/magasin\/chazelles-niort\/\">Chazelles Niort<\/a>, Po\u00ebles et chemin\u00e9es <\/p>\n\n\n\n<figure class=\"wp-block-image size-full is-resized\"><img decoding=\"async\" data-src=\"https:\/\/niort-volley-ball.fr\/wp-content\/uploads\/2023\/08\/chazelles.jpg\" alt=\"chazelles poele\" class=\"wp-image-262 lazyload\" style=\"--smush-placeholder-width: 213px; --smush-placeholder-aspect-ratio: 213\/185;width:213px;height:185px\" width=\"213\" height=\"185\" data-srcset=\"https:\/\/niort-volley-ball.fr\/wp-content\/uploads\/2023\/08\/chazelles.jpg 448w, https:\/\/niort-volley-ball.fr\/wp-content\/uploads\/2023\/08\/chazelles-300x260.jpg 300w\" data-sizes=\"(max-width: 213px) 100vw, 213px\" src=\"data:image\/svg+xml;base64,PHN2ZyB3aWR0aD0iMSIgaGVpZ2h0PSIxIiB4bWxucz0iaHR0cDovL3d3dy53My5vcmcvMjAwMC9zdmciPjwvc3ZnPg==\" \/><\/figure>\n\n\n\n<h2 class=\"wp-block-heading\"><strong>Ils nous ont aid\u00e9 pour le tournoi 2023<\/strong><\/h2>\n\n\n\n<p><a href=\"https:\/\/www.midfieldershop.fr\/\">Midfielder<\/a>, magasin de v\u00eatements de sports<\/p>\n\n\n\n<p><a href=\"https:\/\/www.cavedupetitfief.com\/\">La cave du petit fief<\/a>, caviste \u00e0 Aiffres<\/p>\n\n\n\n<p><a href=\"https:\/\/www.intermarche.com\/magasins\/09322\/niort-79000\/infos-pratiques\">Intermarch\u00e9 Hyper Niort<\/a>, hypermarch\u00e9<\/p>\n\n\n\n<p><a href=\"https:\/\/www.zenika.com\/\">Zenika<\/a>, entreprise de services num\u00e9riques<\/p>\n\n\n\n<p><\/p>\n","protected":false},"excerpt":{"rendered":"<p>Nos partenaires \u00e0 l&rsquo;ann\u00e9e Alltech Consulting, entreprise de services num\u00e9riques Rhapsody, soci\u00e9t\u00e9 de portage salarial Chazelles Niort, Po\u00ebles et chemin\u00e9es Ils nous ont aid\u00e9 pour le tournoi 2023 Midfielder, magasin [&hellip;]<\/p>\n","protected":false},"author":5,"featured_media":0,"parent":0,"menu_order":0,"comment_status":"closed","ping_status":"closed","template":"","meta":{"iawp_total_views":111,"footnotes":""},"class_list":["post-238","page","type-page","status-publish","hentry"],"yoast_head":"<!-- This site is optimized with the Yoast SEO plugin v27.5 - https:\/\/yoast.com\/product\/yoast-seo-wordpress\/ -->\n<title>NOS PARTENAIRES - Niort Volley Ball<\/title>\n<meta name=\"robots\" content=\"index, follow, max-snippet:-1, max-image-preview:large, max-video-preview:-1\" \/>\n<link rel=\"canonical\" href=\"https:\/\/niort-volley-ball.fr\/index.php\/nos-partenaires\/\" \/>\n<meta property=\"og:locale\" content=\"fr_FR\" \/>\n<meta property=\"og:type\" content=\"article\" \/>\n<meta property=\"og:title\" content=\"NOS PARTENAIRES - Niort Volley Ball\" \/>\n<meta property=\"og:description\" content=\"Nos partenaires \u00e0 l&rsquo;ann\u00e9e Alltech Consulting, entreprise de services num\u00e9riques Rhapsody, soci\u00e9t\u00e9 de portage salarial Chazelles Niort, Po\u00ebles et chemin\u00e9es Ils nous ont aid\u00e9 pour le tournoi 2023 Midfielder, magasin [&hellip;]\" \/>\n<meta property=\"og:url\" content=\"https:\/\/niort-volley-ball.fr\/index.php\/nos-partenaires\/\" \/>\n<meta property=\"og:site_name\" content=\"Niort Volley Ball\" \/>\n<meta property=\"article:publisher\" content=\"https:\/\/www.facebook.com\/niortvb\/\" \/>\n<meta property=\"article:modified_time\" content=\"2023-08-31T08:54:23+00:00\" \/>\n<meta property=\"og:image\" content=\"https:\/\/niort-volley-ball.fr\/wp-content\/uploads\/2023\/08\/logo_d44bbe2ca9bb9f54d8a4f48ecb07bfe2_2x.png\" \/>\n<meta name=\"twitter:card\" content=\"summary_large_image\" \/>\n<script type=\"application\/ld+json\" class=\"yoast-schema-graph\">{\"@context\":\"https:\\\/\\\/schema.org\",\"@graph\":[{\"@type\":\"WebPage\",\"@id\":\"https:\\\/\\\/niort-volley-ball.fr\\\/index.php\\\/nos-partenaires\\\/\",\"url\":\"https:\\\/\\\/niort-volley-ball.fr\\\/index.php\\\/nos-partenaires\\\/\",\"name\":\"NOS PARTENAIRES - Niort Volley Ball\",\"isPartOf\":{\"@id\":\"https:\\\/\\\/niort-volley-ball.fr\\\/#website\"},\"primaryImageOfPage\":{\"@id\":\"https:\\\/\\\/niort-volley-ball.fr\\\/index.php\\\/nos-partenaires\\\/#primaryimage\"},\"image\":{\"@id\":\"https:\\\/\\\/niort-volley-ball.fr\\\/index.php\\\/nos-partenaires\\\/#primaryimage\"},\"thumbnailUrl\":\"https:\\\/\\\/niort-volley-ball.fr\\\/wp-content\\\/uploads\\\/2023\\\/08\\\/logo_d44bbe2ca9bb9f54d8a4f48ecb07bfe2_2x.png\",\"datePublished\":\"2023-08-31T08:54:22+00:00\",\"dateModified\":\"2023-08-31T08:54:23+00:00\",\"breadcrumb\":{\"@id\":\"https:\\\/\\\/niort-volley-ball.fr\\\/index.php\\\/nos-partenaires\\\/#breadcrumb\"},\"inLanguage\":\"fr-FR\",\"potentialAction\":[{\"@type\":\"ReadAction\",\"target\":[\"https:\\\/\\\/niort-volley-ball.fr\\\/index.php\\\/nos-partenaires\\\/\"]}]},{\"@type\":\"ImageObject\",\"inLanguage\":\"fr-FR\",\"@id\":\"https:\\\/\\\/niort-volley-ball.fr\\\/index.php\\\/nos-partenaires\\\/#primaryimage\",\"url\":\"https:\\\/\\\/niort-volley-ball.fr\\\/wp-content\\\/uploads\\\/2023\\\/08\\\/logo_d44bbe2ca9bb9f54d8a4f48ecb07bfe2_2x.png\",\"contentUrl\":\"https:\\\/\\\/niort-volley-ball.fr\\\/wp-content\\\/uploads\\\/2023\\\/08\\\/logo_d44bbe2ca9bb9f54d8a4f48ecb07bfe2_2x.png\",\"width\":328,\"height\":164},{\"@type\":\"BreadcrumbList\",\"@id\":\"https:\\\/\\\/niort-volley-ball.fr\\\/index.php\\\/nos-partenaires\\\/#breadcrumb\",\"itemListElement\":[{\"@type\":\"ListItem\",\"position\":1,\"name\":\"Accueil\",\"item\":\"https:\\\/\\\/niort-volley-ball.fr\\\/\"},{\"@type\":\"ListItem\",\"position\":2,\"name\":\"NOS PARTENAIRES\"}]},{\"@type\":\"WebSite\",\"@id\":\"https:\\\/\\\/niort-volley-ball.fr\\\/#website\",\"url\":\"https:\\\/\\\/niort-volley-ball.fr\\\/\",\"name\":\"Niort Volley Ball\",\"description\":\"\",\"publisher\":{\"@id\":\"https:\\\/\\\/niort-volley-ball.fr\\\/#organization\"},\"potentialAction\":[{\"@type\":\"SearchAction\",\"target\":{\"@type\":\"EntryPoint\",\"urlTemplate\":\"https:\\\/\\\/niort-volley-ball.fr\\\/?s={search_term_string}\"},\"query-input\":{\"@type\":\"PropertyValueSpecification\",\"valueRequired\":true,\"valueName\":\"search_term_string\"}}],\"inLanguage\":\"fr-FR\"},{\"@type\":\"Organization\",\"@id\":\"https:\\\/\\\/niort-volley-ball.fr\\\/#organization\",\"name\":\"Niort Volley Ball\",\"url\":\"https:\\\/\\\/niort-volley-ball.fr\\\/\",\"logo\":{\"@type\":\"ImageObject\",\"inLanguage\":\"fr-FR\",\"@id\":\"https:\\\/\\\/niort-volley-ball.fr\\\/#\\\/schema\\\/logo\\\/image\\\/\",\"url\":\"https:\\\/\\\/niort-volley-ball.fr\\\/wp-content\\\/uploads\\\/2021\\\/09\\\/cropped-cropped-NVBLOGO-3.png\",\"contentUrl\":\"https:\\\/\\\/niort-volley-ball.fr\\\/wp-content\\\/uploads\\\/2021\\\/09\\\/cropped-cropped-NVBLOGO-3.png\",\"width\":250,\"height\":250,\"caption\":\"Niort Volley Ball\"},\"image\":{\"@id\":\"https:\\\/\\\/niort-volley-ball.fr\\\/#\\\/schema\\\/logo\\\/image\\\/\"},\"sameAs\":[\"https:\\\/\\\/www.facebook.com\\\/niortvb\\\/\",\"https:\\\/\\\/www.instagram.com\\\/niortvb\\\/\"]}]}<\/script>\n<!-- \/ Yoast SEO plugin. -->","yoast_head_json":{"title":"NOS PARTENAIRES - Niort Volley Ball","robots":{"index":"index","follow":"follow","max-snippet":"max-snippet:-1","max-image-preview":"max-image-preview:large","max-video-preview":"max-video-preview:-1"},"canonical":"https:\/\/niort-volley-ball.fr\/index.php\/nos-partenaires\/","og_locale":"fr_FR","og_type":"article","og_title":"NOS PARTENAIRES - Niort Volley Ball","og_description":"Nos partenaires \u00e0 l&rsquo;ann\u00e9e Alltech Consulting, entreprise de services num\u00e9riques Rhapsody, soci\u00e9t\u00e9 de portage salarial Chazelles Niort, Po\u00ebles et chemin\u00e9es Ils nous ont aid\u00e9 pour le tournoi 2023 Midfielder, magasin [&hellip;]","og_url":"https:\/\/niort-volley-ball.fr\/index.php\/nos-partenaires\/","og_site_name":"Niort Volley Ball","article_publisher":"https:\/\/www.facebook.com\/niortvb\/","article_modified_time":"2023-08-31T08:54:23+00:00","og_image":[{"url":"https:\/\/niort-volley-ball.fr\/wp-content\/uploads\/2023\/08\/logo_d44bbe2ca9bb9f54d8a4f48ecb07bfe2_2x.png","type":"","width":"","height":""}],"twitter_card":"summary_large_image","schema":{"@context":"https:\/\/schema.org","@graph":[{"@type":"WebPage","@id":"https:\/\/niort-volley-ball.fr\/index.php\/nos-partenaires\/","url":"https:\/\/niort-volley-ball.fr\/index.php\/nos-partenaires\/","name":"NOS PARTENAIRES - Niort Volley Ball","isPartOf":{"@id":"https:\/\/niort-volley-ball.fr\/#website"},"primaryImageOfPage":{"@id":"https:\/\/niort-volley-ball.fr\/index.php\/nos-partenaires\/#primaryimage"},"image":{"@id":"https:\/\/niort-volley-ball.fr\/index.php\/nos-partenaires\/#primaryimage"},"thumbnailUrl":"https:\/\/niort-volley-ball.fr\/wp-content\/uploads\/2023\/08\/logo_d44bbe2ca9bb9f54d8a4f48ecb07bfe2_2x.png","datePublished":"2023-08-31T08:54:22+00:00","dateModified":"2023-08-31T08:54:23+00:00","breadcrumb":{"@id":"https:\/\/niort-volley-ball.fr\/index.php\/nos-partenaires\/#breadcrumb"},"inLanguage":"fr-FR","potentialAction":[{"@type":"ReadAction","target":["https:\/\/niort-volley-ball.fr\/index.php\/nos-partenaires\/"]}]},{"@type":"ImageObject","inLanguage":"fr-FR","@id":"https:\/\/niort-volley-ball.fr\/index.php\/nos-partenaires\/#primaryimage","url":"https:\/\/niort-volley-ball.fr\/wp-content\/uploads\/2023\/08\/logo_d44bbe2ca9bb9f54d8a4f48ecb07bfe2_2x.png","contentUrl":"https:\/\/niort-volley-ball.fr\/wp-content\/uploads\/2023\/08\/logo_d44bbe2ca9bb9f54d8a4f48ecb07bfe2_2x.png","width":328,"height":164},{"@type":"BreadcrumbList","@id":"https:\/\/niort-volley-ball.fr\/index.php\/nos-partenaires\/#breadcrumb","itemListElement":[{"@type":"ListItem","position":1,"name":"Accueil","item":"https:\/\/niort-volley-ball.fr\/"},{"@type":"ListItem","position":2,"name":"NOS PARTENAIRES"}]},{"@type":"WebSite","@id":"https:\/\/niort-volley-ball.fr\/#website","url":"https:\/\/niort-volley-ball.fr\/","name":"Niort Volley Ball","description":"","publisher":{"@id":"https:\/\/niort-volley-ball.fr\/#organization"},"potentialAction":[{"@type":"SearchAction","target":{"@type":"EntryPoint","urlTemplate":"https:\/\/niort-volley-ball.fr\/?s={search_term_string}"},"query-input":{"@type":"PropertyValueSpecification","valueRequired":true,"valueName":"search_term_string"}}],"inLanguage":"fr-FR"},{"@type":"Organization","@id":"https:\/\/niort-volley-ball.fr\/#organization","name":"Niort Volley Ball","url":"https:\/\/niort-volley-ball.fr\/","logo":{"@type":"ImageObject","inLanguage":"fr-FR","@id":"https:\/\/niort-volley-ball.fr\/#\/schema\/logo\/image\/","url":"https:\/\/niort-volley-ball.fr\/wp-content\/uploads\/2021\/09\/cropped-cropped-NVBLOGO-3.png","contentUrl":"https:\/\/niort-volley-ball.fr\/wp-content\/uploads\/2021\/09\/cropped-cropped-NVBLOGO-3.png","width":250,"height":250,"caption":"Niort Volley Ball"},"image":{"@id":"https:\/\/niort-volley-ball.fr\/#\/schema\/logo\/image\/"},"sameAs":["https:\/\/www.facebook.com\/niortvb\/","https:\/\/www.instagram.com\/niortvb\/"]}]}},"_links":{"self":[{"href":"https:\/\/niort-volley-ball.fr\/index.php\/wp-json\/wp\/v2\/pages\/238","targetHints":{"allow":["GET"]}}],"collection":[{"href":"https:\/\/niort-volley-ball.fr\/index.php\/wp-json\/wp\/v2\/pages"}],"about":[{"href":"https:\/\/niort-volley-ball.fr\/index.php\/wp-json\/wp\/v2\/types\/page"}],"author":[{"embeddable":true,"href":"https:\/\/niort-volley-ball.fr\/index.php\/wp-json\/wp\/v2\/users\/5"}],"replies":[{"embeddable":true,"href":"https:\/\/niort-volley-ball.fr\/index.php\/wp-json\/wp\/v2\/comments?post=238"}],"version-history":[{"count":4,"href":"https:\/\/niort-volley-ball.fr\/index.php\/wp-json\/wp\/v2\/pages\/238\/revisions"}],"predecessor-version":[{"id":266,"href":"https:\/\/niort-volley-ball.fr\/index.php\/wp-json\/wp\/v2\/pages\/238\/revisions\/266"}],"wp:attachment":[{"href":"https:\/\/niort-volley-ball.fr\/index.php\/wp-json\/wp\/v2\/media?parent=238"}],"curies":[{"name":"wp","href":"https:\/\/api.w.org\/{rel}","templated":true}]}}