{"id":243,"date":"2023-08-31T10:55:07","date_gmt":"2023-08-31T08:55:07","guid":{"rendered":"https:\/\/niort-volley-ball.fr\/?page_id=243"},"modified":"2023-08-31T10:55:08","modified_gmt":"2023-08-31T08:55:08","slug":"projet-sportif","status":"publish","type":"page","link":"https:\/\/niort-volley-ball.fr\/index.php\/le-club\/projet-sportif\/","title":{"rendered":"PROJET SPORTIF"},"content":{"rendered":"\n<h2 class=\"wp-block-heading\">Le mot du pr\u00e9sident<\/h2>\n\n\n\n<p>Aujourd\u2019hui, le Niort Volley Ball (alias NVB) souhaite mettre en place un projet sportif ambitieux, lequel a pour objectif de promouvoir le club et le Volley- ball dans le bassin niortais et plus largement au sein du d\u00e9partement et de la r\u00e9gion. <\/p>\n\n\n\n<p>Dans ce but, nous souhaitons renforcer les \u00e9quipes jeunes de tout \u00e2ge, car le d\u00e9veloppement du club en d\u00e9pend. <\/p>\n\n\n\n<p>Aussi, nous mettrons un point d\u2019honneur \u00e0 accompagner et \u00e0 suivre la progression de nos jeunes. Afin de dispenser des entra\u00eenements de qualit\u00e9, le club souhaite s\u2019inscrire dans un plan de formation de cadres. <\/p>\n\n\n\n<p>Nous nous effor\u00e7ons de pr\u00e9senter le volley-ball comme un sport d\u2019esprit d\u2019\u00e9quipe, de coh\u00e9sion, de partage, et de respect.<\/p>\n\n\n\n<p>Nous proposons aux jeunes, et au plus \u00e2g\u00e9s, qui le souhaitent, un cadre de formation adapt\u00e9 \u00e0 leurs envies. <\/p>\n\n\n\n<p>C\u2019est ainsi que nous les accompagnerons dans leur d\u00e9marche de d\u00e9couverte des diff\u00e9rentes composantes de notre sport : l\u2019arbitrage, l\u2019entra\u00eenement, le management sportif et le milieu associatif<\/p>\n","protected":false},"excerpt":{"rendered":"<p>Le mot du pr\u00e9sident Aujourd\u2019hui, le Niort Volley Ball (alias NVB) souhaite mettre en place un projet sportif ambitieux, lequel a pour objectif de promouvoir le club et le Volley- [&hellip;]<\/p>\n","protected":false},"author":5,"featured_media":0,"parent":82,"menu_order":0,"comment_status":"closed","ping_status":"closed","template":"","meta":{"iawp_total_views":206,"footnotes":""},"class_list":["post-243","page","type-page","status-publish","hentry"],"yoast_head":"<!-- This site is optimized with the Yoast SEO plugin v27.5 - https:\/\/yoast.com\/product\/yoast-seo-wordpress\/ -->\n<title>PROJET SPORTIF - Niort Volley Ball<\/title>\n<meta name=\"robots\" content=\"index, follow, max-snippet:-1, max-image-preview:large, max-video-preview:-1\" \/>\n<link rel=\"canonical\" href=\"https:\/\/niort-volley-ball.fr\/index.php\/le-club\/projet-sportif\/\" \/>\n<meta property=\"og:locale\" content=\"fr_FR\" \/>\n<meta property=\"og:type\" content=\"article\" \/>\n<meta property=\"og:title\" content=\"PROJET SPORTIF - Niort Volley Ball\" \/>\n<meta property=\"og:description\" content=\"Le mot du pr\u00e9sident Aujourd\u2019hui, le Niort Volley Ball (alias NVB) souhaite mettre en place un projet sportif ambitieux, lequel a pour objectif de promouvoir le club et le Volley- [&hellip;]\" \/>\n<meta property=\"og:url\" content=\"https:\/\/niort-volley-ball.fr\/index.php\/le-club\/projet-sportif\/\" \/>\n<meta property=\"og:site_name\" content=\"Niort Volley Ball\" \/>\n<meta property=\"article:publisher\" content=\"https:\/\/www.facebook.com\/niortvb\/\" \/>\n<meta property=\"article:modified_time\" content=\"2023-08-31T08:55:08+00:00\" \/>\n<meta name=\"twitter:card\" content=\"summary_large_image\" \/>\n<meta name=\"twitter:label1\" content=\"Dur\u00e9e de lecture estim\u00e9e\" \/>\n\t<meta name=\"twitter:data1\" content=\"1 minute\" \/>\n<script type=\"application\/ld+json\" class=\"yoast-schema-graph\">{\"@context\":\"https:\\\/\\\/schema.org\",\"@graph\":[{\"@type\":\"WebPage\",\"@id\":\"https:\\\/\\\/niort-volley-ball.fr\\\/index.php\\\/le-club\\\/projet-sportif\\\/\",\"url\":\"https:\\\/\\\/niort-volley-ball.fr\\\/index.php\\\/le-club\\\/projet-sportif\\\/\",\"name\":\"PROJET SPORTIF - Niort Volley Ball\",\"isPartOf\":{\"@id\":\"https:\\\/\\\/niort-volley-ball.fr\\\/#website\"},\"datePublished\":\"2023-08-31T08:55:07+00:00\",\"dateModified\":\"2023-08-31T08:55:08+00:00\",\"breadcrumb\":{\"@id\":\"https:\\\/\\\/niort-volley-ball.fr\\\/index.php\\\/le-club\\\/projet-sportif\\\/#breadcrumb\"},\"inLanguage\":\"fr-FR\",\"potentialAction\":[{\"@type\":\"ReadAction\",\"target\":[\"https:\\\/\\\/niort-volley-ball.fr\\\/index.php\\\/le-club\\\/projet-sportif\\\/\"]}]},{\"@type\":\"BreadcrumbList\",\"@id\":\"https:\\\/\\\/niort-volley-ball.fr\\\/index.php\\\/le-club\\\/projet-sportif\\\/#breadcrumb\",\"itemListElement\":[{\"@type\":\"ListItem\",\"position\":1,\"name\":\"Accueil\",\"item\":\"https:\\\/\\\/niort-volley-ball.fr\\\/\"},{\"@type\":\"ListItem\",\"position\":2,\"name\":\"LE CLUB\",\"item\":\"https:\\\/\\\/niort-volley-ball.fr\\\/index.php\\\/le-club\\\/\"},{\"@type\":\"ListItem\",\"position\":3,\"name\":\"PROJET SPORTIF\"}]},{\"@type\":\"WebSite\",\"@id\":\"https:\\\/\\\/niort-volley-ball.fr\\\/#website\",\"url\":\"https:\\\/\\\/niort-volley-ball.fr\\\/\",\"name\":\"Niort Volley Ball\",\"description\":\"\",\"publisher\":{\"@id\":\"https:\\\/\\\/niort-volley-ball.fr\\\/#organization\"},\"potentialAction\":[{\"@type\":\"SearchAction\",\"target\":{\"@type\":\"EntryPoint\",\"urlTemplate\":\"https:\\\/\\\/niort-volley-ball.fr\\\/?s={search_term_string}\"},\"query-input\":{\"@type\":\"PropertyValueSpecification\",\"valueRequired\":true,\"valueName\":\"search_term_string\"}}],\"inLanguage\":\"fr-FR\"},{\"@type\":\"Organization\",\"@id\":\"https:\\\/\\\/niort-volley-ball.fr\\\/#organization\",\"name\":\"Niort Volley Ball\",\"url\":\"https:\\\/\\\/niort-volley-ball.fr\\\/\",\"logo\":{\"@type\":\"ImageObject\",\"inLanguage\":\"fr-FR\",\"@id\":\"https:\\\/\\\/niort-volley-ball.fr\\\/#\\\/schema\\\/logo\\\/image\\\/\",\"url\":\"https:\\\/\\\/niort-volley-ball.fr\\\/wp-content\\\/uploads\\\/2021\\\/09\\\/cropped-cropped-NVBLOGO-3.png\",\"contentUrl\":\"https:\\\/\\\/niort-volley-ball.fr\\\/wp-content\\\/uploads\\\/2021\\\/09\\\/cropped-cropped-NVBLOGO-3.png\",\"width\":250,\"height\":250,\"caption\":\"Niort Volley Ball\"},\"image\":{\"@id\":\"https:\\\/\\\/niort-volley-ball.fr\\\/#\\\/schema\\\/logo\\\/image\\\/\"},\"sameAs\":[\"https:\\\/\\\/www.facebook.com\\\/niortvb\\\/\",\"https:\\\/\\\/www.instagram.com\\\/niortvb\\\/\"]}]}<\/script>\n<!-- \/ Yoast SEO plugin. -->","yoast_head_json":{"title":"PROJET SPORTIF - Niort Volley Ball","robots":{"index":"index","follow":"follow","max-snippet":"max-snippet:-1","max-image-preview":"max-image-preview:large","max-video-preview":"max-video-preview:-1"},"canonical":"https:\/\/niort-volley-ball.fr\/index.php\/le-club\/projet-sportif\/","og_locale":"fr_FR","og_type":"article","og_title":"PROJET SPORTIF - Niort Volley Ball","og_description":"Le mot du pr\u00e9sident Aujourd\u2019hui, le Niort Volley Ball (alias NVB) souhaite mettre en place un projet sportif ambitieux, lequel a pour objectif de promouvoir le club et le Volley- [&hellip;]","og_url":"https:\/\/niort-volley-ball.fr\/index.php\/le-club\/projet-sportif\/","og_site_name":"Niort Volley Ball","article_publisher":"https:\/\/www.facebook.com\/niortvb\/","article_modified_time":"2023-08-31T08:55:08+00:00","twitter_card":"summary_large_image","twitter_misc":{"Dur\u00e9e de lecture estim\u00e9e":"1 minute"},"schema":{"@context":"https:\/\/schema.org","@graph":[{"@type":"WebPage","@id":"https:\/\/niort-volley-ball.fr\/index.php\/le-club\/projet-sportif\/","url":"https:\/\/niort-volley-ball.fr\/index.php\/le-club\/projet-sportif\/","name":"PROJET SPORTIF - Niort Volley Ball","isPartOf":{"@id":"https:\/\/niort-volley-ball.fr\/#website"},"datePublished":"2023-08-31T08:55:07+00:00","dateModified":"2023-08-31T08:55:08+00:00","breadcrumb":{"@id":"https:\/\/niort-volley-ball.fr\/index.php\/le-club\/projet-sportif\/#breadcrumb"},"inLanguage":"fr-FR","potentialAction":[{"@type":"ReadAction","target":["https:\/\/niort-volley-ball.fr\/index.php\/le-club\/projet-sportif\/"]}]},{"@type":"BreadcrumbList","@id":"https:\/\/niort-volley-ball.fr\/index.php\/le-club\/projet-sportif\/#breadcrumb","itemListElement":[{"@type":"ListItem","position":1,"name":"Accueil","item":"https:\/\/niort-volley-ball.fr\/"},{"@type":"ListItem","position":2,"name":"LE CLUB","item":"https:\/\/niort-volley-ball.fr\/index.php\/le-club\/"},{"@type":"ListItem","position":3,"name":"PROJET SPORTIF"}]},{"@type":"WebSite","@id":"https:\/\/niort-volley-ball.fr\/#website","url":"https:\/\/niort-volley-ball.fr\/","name":"Niort Volley Ball","description":"","publisher":{"@id":"https:\/\/niort-volley-ball.fr\/#organization"},"potentialAction":[{"@type":"SearchAction","target":{"@type":"EntryPoint","urlTemplate":"https:\/\/niort-volley-ball.fr\/?s={search_term_string}"},"query-input":{"@type":"PropertyValueSpecification","valueRequired":true,"valueName":"search_term_string"}}],"inLanguage":"fr-FR"},{"@type":"Organization","@id":"https:\/\/niort-volley-ball.fr\/#organization","name":"Niort Volley Ball","url":"https:\/\/niort-volley-ball.fr\/","logo":{"@type":"ImageObject","inLanguage":"fr-FR","@id":"https:\/\/niort-volley-ball.fr\/#\/schema\/logo\/image\/","url":"https:\/\/niort-volley-ball.fr\/wp-content\/uploads\/2021\/09\/cropped-cropped-NVBLOGO-3.png","contentUrl":"https:\/\/niort-volley-ball.fr\/wp-content\/uploads\/2021\/09\/cropped-cropped-NVBLOGO-3.png","width":250,"height":250,"caption":"Niort Volley Ball"},"image":{"@id":"https:\/\/niort-volley-ball.fr\/#\/schema\/logo\/image\/"},"sameAs":["https:\/\/www.facebook.com\/niortvb\/","https:\/\/www.instagram.com\/niortvb\/"]}]}},"_links":{"self":[{"href":"https:\/\/niort-volley-ball.fr\/index.php\/wp-json\/wp\/v2\/pages\/243","targetHints":{"allow":["GET"]}}],"collection":[{"href":"https:\/\/niort-volley-ball.fr\/index.php\/wp-json\/wp\/v2\/pages"}],"about":[{"href":"https:\/\/niort-volley-ball.fr\/index.php\/wp-json\/wp\/v2\/types\/page"}],"author":[{"embeddable":true,"href":"https:\/\/niort-volley-ball.fr\/index.php\/wp-json\/wp\/v2\/users\/5"}],"replies":[{"embeddable":true,"href":"https:\/\/niort-volley-ball.fr\/index.php\/wp-json\/wp\/v2\/comments?post=243"}],"version-history":[{"count":2,"href":"https:\/\/niort-volley-ball.fr\/index.php\/wp-json\/wp\/v2\/pages\/243\/revisions"}],"predecessor-version":[{"id":245,"href":"https:\/\/niort-volley-ball.fr\/index.php\/wp-json\/wp\/v2\/pages\/243\/revisions\/245"}],"up":[{"embeddable":true,"href":"https:\/\/niort-volley-ball.fr\/index.php\/wp-json\/wp\/v2\/pages\/82"}],"wp:attachment":[{"href":"https:\/\/niort-volley-ball.fr\/index.php\/wp-json\/wp\/v2\/media?parent=243"}],"curies":[{"name":"wp","href":"https:\/\/api.w.org\/{rel}","templated":true}]}}