{"id":385,"date":"2024-04-06T17:56:18","date_gmt":"2024-04-06T15:56:18","guid":{"rendered":"https:\/\/niort-volley-ball.fr\/?page_id=385"},"modified":"2025-08-27T17:01:06","modified_gmt":"2025-08-27T15:01:06","slug":"actualites-niort-volley-ball","status":"publish","type":"page","link":"https:\/\/niort-volley-ball.fr\/index.php\/volley-niort-club-de-volley-club-formateur-volley-loisir\/actualites-niort-volley-ball\/","title":{"rendered":"ACTUALIT\u00c9S DU NIORT VOLLEY BALL"},"content":{"rendered":"<p>Bonjour \u00e0 tous,<\/p>\n<p>La semaine de reprise est d\u00e9finie au 1\/10\/2025 !<br \/>\nLe mois de septembre est d\u00e9di\u00e9 aux sessions d&rsquo;entrainement, avant reprise des championnats et plateaux en octobre.<\/p>\n<p>D&rsquo;autre part, <strong>une petite nouveaut\u00e9 cette ann\u00e9e, pour simplifier la gestion administrative, avec l&rsquo;arriv\u00e9e de cr\u00e9neau d&rsquo;inscription pour les nouveaux<\/strong> :<\/p>\n<ul>\n<li>les inscriptions se feront, pour les autres, le samedi matin lors des 4 samedis de septembre, aupr\u00e8s des personnes administratives qui seront pr\u00e9sentes au gymanse de pissardant<\/li>\n<li>les r\u00e9inscriptions se feront via les r\u00e9f\u00e9rents d&rsquo;\u00e9quipes sur les cr\u00e9neaux habituels<\/li>\n<\/ul>\n<p>Plus d&rsquo;infos en venant discuter avec nous lors de nos sessions, que vous retrouverez dans notre page de cr\u00e9neaux.<\/p>\n<p>&nbsp;<\/p>\n<p>Retrouvez notre actualit\u00e9 \u00e9galement sur les r\u00e9seaux (insta, Facebook). \u00a0 <a href=\"https:\/\/niort-volley-ball.fr\/\">Bienvenue au Niort Volley Ball !<\/a><\/p>\n","protected":false},"excerpt":{"rendered":"<p>Bonjour \u00e0 tous, La semaine de reprise est d\u00e9finie au 1\/10\/2025 ! Le mois de septembre est d\u00e9di\u00e9 aux sessions d&rsquo;entrainement, avant reprise des championnats et plateaux en octobre. D&rsquo;autre [&hellip;]<\/p>\n","protected":false},"author":5,"featured_media":284,"parent":21,"menu_order":0,"comment_status":"closed","ping_status":"closed","template":"","meta":{"iawp_total_views":253,"footnotes":""},"class_list":["post-385","page","type-page","status-publish","has-post-thumbnail","hentry"],"yoast_head":"<!-- This site is optimized with the Yoast SEO plugin v27.5 - https:\/\/yoast.com\/product\/yoast-seo-wordpress\/ -->\n<title>ACTUALIT\u00c9S DU NIORT VOLLEY BALL - Niort Volley Ball<\/title>\n<meta name=\"description\" content=\"En parall\u00e8le de la fin de saison, le club pr\u00e9pare le traditionnel tournoi Patrick Essomba, qui se d\u00e9roulera le 1er Juin sur herbe ! Plus de nouvelles sur la page de l\u2019\u00e9v\u00e8nement. Venez faire du volley ball sur herbe en 3x3 et\u2026 Suivez nous et venez vous inscrire ! %\" \/>\n<meta name=\"robots\" content=\"index, follow, max-snippet:-1, max-image-preview:large, max-video-preview:-1\" \/>\n<link rel=\"canonical\" href=\"https:\/\/niort-volley-ball.fr\/index.php\/volley-niort-club-de-volley-club-formateur-volley-loisir\/actualites-niort-volley-ball\/\" \/>\n<meta property=\"og:locale\" content=\"fr_FR\" \/>\n<meta property=\"og:type\" content=\"article\" \/>\n<meta property=\"og:title\" content=\"ACTUALIT\u00c9S DU NIORT VOLLEY BALL - Niort Volley Ball\" \/>\n<meta property=\"og:description\" content=\"En parall\u00e8le de la fin de saison, le club pr\u00e9pare le traditionnel tournoi Patrick Essomba, qui se d\u00e9roulera le 1er Juin sur herbe ! Plus de nouvelles sur la page de l\u2019\u00e9v\u00e8nement. Venez faire du volley ball sur herbe en 3x3 et\u2026 Suivez nous et venez vous inscrire ! %\" \/>\n<meta property=\"og:url\" content=\"https:\/\/niort-volley-ball.fr\/index.php\/volley-niort-club-de-volley-club-formateur-volley-loisir\/actualites-niort-volley-ball\/\" \/>\n<meta property=\"og:site_name\" content=\"Niort Volley Ball\" \/>\n<meta property=\"article:publisher\" content=\"https:\/\/www.facebook.com\/niortvb\/\" \/>\n<meta property=\"article:modified_time\" content=\"2025-08-27T15:01:06+00:00\" \/>\n<meta property=\"og:image\" content=\"https:\/\/niort-volley-ball.fr\/wp-content\/uploads\/2023\/09\/DSC_0038-edited-scaled.jpg\" \/>\n\t<meta property=\"og:image:width\" content=\"2560\" \/>\n\t<meta property=\"og:image:height\" content=\"1920\" \/>\n\t<meta property=\"og:image:type\" content=\"image\/jpeg\" \/>\n<meta name=\"twitter:card\" content=\"summary_large_image\" \/>\n<meta name=\"twitter:label1\" content=\"Dur\u00e9e de lecture estim\u00e9e\" \/>\n\t<meta name=\"twitter:data1\" content=\"1 minute\" \/>\n<script type=\"application\/ld+json\" class=\"yoast-schema-graph\">{\"@context\":\"https:\\\/\\\/schema.org\",\"@graph\":[{\"@type\":\"WebPage\",\"@id\":\"https:\\\/\\\/niort-volley-ball.fr\\\/index.php\\\/volley-niort-club-de-volley-club-formateur-volley-loisir\\\/actualites-niort-volley-ball\\\/\",\"url\":\"https:\\\/\\\/niort-volley-ball.fr\\\/index.php\\\/volley-niort-club-de-volley-club-formateur-volley-loisir\\\/actualites-niort-volley-ball\\\/\",\"name\":\"ACTUALIT\u00c9S DU NIORT VOLLEY BALL - Niort Volley Ball\",\"isPartOf\":{\"@id\":\"https:\\\/\\\/niort-volley-ball.fr\\\/#website\"},\"primaryImageOfPage\":{\"@id\":\"https:\\\/\\\/niort-volley-ball.fr\\\/index.php\\\/volley-niort-club-de-volley-club-formateur-volley-loisir\\\/actualites-niort-volley-ball\\\/#primaryimage\"},\"image\":{\"@id\":\"https:\\\/\\\/niort-volley-ball.fr\\\/index.php\\\/volley-niort-club-de-volley-club-formateur-volley-loisir\\\/actualites-niort-volley-ball\\\/#primaryimage\"},\"thumbnailUrl\":\"https:\\\/\\\/niort-volley-ball.fr\\\/wp-content\\\/uploads\\\/2023\\\/09\\\/DSC_0038-edited-scaled.jpg\",\"datePublished\":\"2024-04-06T15:56:18+00:00\",\"dateModified\":\"2025-08-27T15:01:06+00:00\",\"description\":\"En parall\u00e8le de la fin de saison, le club pr\u00e9pare le traditionnel tournoi Patrick Essomba, qui se d\u00e9roulera le 1er Juin sur herbe ! Plus de nouvelles sur la page de l\u2019\u00e9v\u00e8nement. Venez faire du volley ball sur herbe en 3x3 et\u2026 Suivez nous et venez vous inscrire ! %\",\"breadcrumb\":{\"@id\":\"https:\\\/\\\/niort-volley-ball.fr\\\/index.php\\\/volley-niort-club-de-volley-club-formateur-volley-loisir\\\/actualites-niort-volley-ball\\\/#breadcrumb\"},\"inLanguage\":\"fr-FR\",\"potentialAction\":[{\"@type\":\"ReadAction\",\"target\":[\"https:\\\/\\\/niort-volley-ball.fr\\\/index.php\\\/volley-niort-club-de-volley-club-formateur-volley-loisir\\\/actualites-niort-volley-ball\\\/\"]}]},{\"@type\":\"ImageObject\",\"inLanguage\":\"fr-FR\",\"@id\":\"https:\\\/\\\/niort-volley-ball.fr\\\/index.php\\\/volley-niort-club-de-volley-club-formateur-volley-loisir\\\/actualites-niort-volley-ball\\\/#primaryimage\",\"url\":\"https:\\\/\\\/niort-volley-ball.fr\\\/wp-content\\\/uploads\\\/2023\\\/09\\\/DSC_0038-edited-scaled.jpg\",\"contentUrl\":\"https:\\\/\\\/niort-volley-ball.fr\\\/wp-content\\\/uploads\\\/2023\\\/09\\\/DSC_0038-edited-scaled.jpg\",\"width\":2560,\"height\":1920},{\"@type\":\"BreadcrumbList\",\"@id\":\"https:\\\/\\\/niort-volley-ball.fr\\\/index.php\\\/volley-niort-club-de-volley-club-formateur-volley-loisir\\\/actualites-niort-volley-ball\\\/#breadcrumb\",\"itemListElement\":[{\"@type\":\"ListItem\",\"position\":1,\"name\":\"Accueil\",\"item\":\"https:\\\/\\\/niort-volley-ball.fr\\\/\"},{\"@type\":\"ListItem\",\"position\":2,\"name\":\"Bienvenue au Niort Volley Ball !\",\"item\":\"https:\\\/\\\/niort-volley-ball.fr\\\/\"},{\"@type\":\"ListItem\",\"position\":3,\"name\":\"ACTUALIT\u00c9S DU NIORT VOLLEY BALL\"}]},{\"@type\":\"WebSite\",\"@id\":\"https:\\\/\\\/niort-volley-ball.fr\\\/#website\",\"url\":\"https:\\\/\\\/niort-volley-ball.fr\\\/\",\"name\":\"Niort Volley Ball\",\"description\":\"\",\"publisher\":{\"@id\":\"https:\\\/\\\/niort-volley-ball.fr\\\/#organization\"},\"potentialAction\":[{\"@type\":\"SearchAction\",\"target\":{\"@type\":\"EntryPoint\",\"urlTemplate\":\"https:\\\/\\\/niort-volley-ball.fr\\\/?s={search_term_string}\"},\"query-input\":{\"@type\":\"PropertyValueSpecification\",\"valueRequired\":true,\"valueName\":\"search_term_string\"}}],\"inLanguage\":\"fr-FR\"},{\"@type\":\"Organization\",\"@id\":\"https:\\\/\\\/niort-volley-ball.fr\\\/#organization\",\"name\":\"Niort Volley Ball\",\"url\":\"https:\\\/\\\/niort-volley-ball.fr\\\/\",\"logo\":{\"@type\":\"ImageObject\",\"inLanguage\":\"fr-FR\",\"@id\":\"https:\\\/\\\/niort-volley-ball.fr\\\/#\\\/schema\\\/logo\\\/image\\\/\",\"url\":\"https:\\\/\\\/niort-volley-ball.fr\\\/wp-content\\\/uploads\\\/2021\\\/09\\\/cropped-cropped-NVBLOGO-3.png\",\"contentUrl\":\"https:\\\/\\\/niort-volley-ball.fr\\\/wp-content\\\/uploads\\\/2021\\\/09\\\/cropped-cropped-NVBLOGO-3.png\",\"width\":250,\"height\":250,\"caption\":\"Niort Volley Ball\"},\"image\":{\"@id\":\"https:\\\/\\\/niort-volley-ball.fr\\\/#\\\/schema\\\/logo\\\/image\\\/\"},\"sameAs\":[\"https:\\\/\\\/www.facebook.com\\\/niortvb\\\/\",\"https:\\\/\\\/www.instagram.com\\\/niortvb\\\/\"]}]}<\/script>\n<!-- \/ Yoast SEO plugin. -->","yoast_head_json":{"title":"ACTUALIT\u00c9S DU NIORT VOLLEY BALL - Niort Volley Ball","description":"En parall\u00e8le de la fin de saison, le club pr\u00e9pare le traditionnel tournoi Patrick Essomba, qui se d\u00e9roulera le 1er Juin sur herbe ! Plus de nouvelles sur la page de l\u2019\u00e9v\u00e8nement. Venez faire du volley ball sur herbe en 3x3 et\u2026 Suivez nous et venez vous inscrire ! %","robots":{"index":"index","follow":"follow","max-snippet":"max-snippet:-1","max-image-preview":"max-image-preview:large","max-video-preview":"max-video-preview:-1"},"canonical":"https:\/\/niort-volley-ball.fr\/index.php\/volley-niort-club-de-volley-club-formateur-volley-loisir\/actualites-niort-volley-ball\/","og_locale":"fr_FR","og_type":"article","og_title":"ACTUALIT\u00c9S DU NIORT VOLLEY BALL - Niort Volley Ball","og_description":"En parall\u00e8le de la fin de saison, le club pr\u00e9pare le traditionnel tournoi Patrick Essomba, qui se d\u00e9roulera le 1er Juin sur herbe ! Plus de nouvelles sur la page de l\u2019\u00e9v\u00e8nement. Venez faire du volley ball sur herbe en 3x3 et\u2026 Suivez nous et venez vous inscrire ! %","og_url":"https:\/\/niort-volley-ball.fr\/index.php\/volley-niort-club-de-volley-club-formateur-volley-loisir\/actualites-niort-volley-ball\/","og_site_name":"Niort Volley Ball","article_publisher":"https:\/\/www.facebook.com\/niortvb\/","article_modified_time":"2025-08-27T15:01:06+00:00","og_image":[{"width":2560,"height":1920,"url":"https:\/\/niort-volley-ball.fr\/wp-content\/uploads\/2023\/09\/DSC_0038-edited-scaled.jpg","type":"image\/jpeg"}],"twitter_card":"summary_large_image","twitter_misc":{"Dur\u00e9e de lecture estim\u00e9e":"1 minute"},"schema":{"@context":"https:\/\/schema.org","@graph":[{"@type":"WebPage","@id":"https:\/\/niort-volley-ball.fr\/index.php\/volley-niort-club-de-volley-club-formateur-volley-loisir\/actualites-niort-volley-ball\/","url":"https:\/\/niort-volley-ball.fr\/index.php\/volley-niort-club-de-volley-club-formateur-volley-loisir\/actualites-niort-volley-ball\/","name":"ACTUALIT\u00c9S DU NIORT VOLLEY BALL - Niort Volley Ball","isPartOf":{"@id":"https:\/\/niort-volley-ball.fr\/#website"},"primaryImageOfPage":{"@id":"https:\/\/niort-volley-ball.fr\/index.php\/volley-niort-club-de-volley-club-formateur-volley-loisir\/actualites-niort-volley-ball\/#primaryimage"},"image":{"@id":"https:\/\/niort-volley-ball.fr\/index.php\/volley-niort-club-de-volley-club-formateur-volley-loisir\/actualites-niort-volley-ball\/#primaryimage"},"thumbnailUrl":"https:\/\/niort-volley-ball.fr\/wp-content\/uploads\/2023\/09\/DSC_0038-edited-scaled.jpg","datePublished":"2024-04-06T15:56:18+00:00","dateModified":"2025-08-27T15:01:06+00:00","description":"En parall\u00e8le de la fin de saison, le club pr\u00e9pare le traditionnel tournoi Patrick Essomba, qui se d\u00e9roulera le 1er Juin sur herbe ! Plus de nouvelles sur la page de l\u2019\u00e9v\u00e8nement. Venez faire du volley ball sur herbe en 3x3 et\u2026 Suivez nous et venez vous inscrire ! %","breadcrumb":{"@id":"https:\/\/niort-volley-ball.fr\/index.php\/volley-niort-club-de-volley-club-formateur-volley-loisir\/actualites-niort-volley-ball\/#breadcrumb"},"inLanguage":"fr-FR","potentialAction":[{"@type":"ReadAction","target":["https:\/\/niort-volley-ball.fr\/index.php\/volley-niort-club-de-volley-club-formateur-volley-loisir\/actualites-niort-volley-ball\/"]}]},{"@type":"ImageObject","inLanguage":"fr-FR","@id":"https:\/\/niort-volley-ball.fr\/index.php\/volley-niort-club-de-volley-club-formateur-volley-loisir\/actualites-niort-volley-ball\/#primaryimage","url":"https:\/\/niort-volley-ball.fr\/wp-content\/uploads\/2023\/09\/DSC_0038-edited-scaled.jpg","contentUrl":"https:\/\/niort-volley-ball.fr\/wp-content\/uploads\/2023\/09\/DSC_0038-edited-scaled.jpg","width":2560,"height":1920},{"@type":"BreadcrumbList","@id":"https:\/\/niort-volley-ball.fr\/index.php\/volley-niort-club-de-volley-club-formateur-volley-loisir\/actualites-niort-volley-ball\/#breadcrumb","itemListElement":[{"@type":"ListItem","position":1,"name":"Accueil","item":"https:\/\/niort-volley-ball.fr\/"},{"@type":"ListItem","position":2,"name":"Bienvenue au Niort Volley Ball !","item":"https:\/\/niort-volley-ball.fr\/"},{"@type":"ListItem","position":3,"name":"ACTUALIT\u00c9S DU NIORT VOLLEY BALL"}]},{"@type":"WebSite","@id":"https:\/\/niort-volley-ball.fr\/#website","url":"https:\/\/niort-volley-ball.fr\/","name":"Niort Volley Ball","description":"","publisher":{"@id":"https:\/\/niort-volley-ball.fr\/#organization"},"potentialAction":[{"@type":"SearchAction","target":{"@type":"EntryPoint","urlTemplate":"https:\/\/niort-volley-ball.fr\/?s={search_term_string}"},"query-input":{"@type":"PropertyValueSpecification","valueRequired":true,"valueName":"search_term_string"}}],"inLanguage":"fr-FR"},{"@type":"Organization","@id":"https:\/\/niort-volley-ball.fr\/#organization","name":"Niort Volley Ball","url":"https:\/\/niort-volley-ball.fr\/","logo":{"@type":"ImageObject","inLanguage":"fr-FR","@id":"https:\/\/niort-volley-ball.fr\/#\/schema\/logo\/image\/","url":"https:\/\/niort-volley-ball.fr\/wp-content\/uploads\/2021\/09\/cropped-cropped-NVBLOGO-3.png","contentUrl":"https:\/\/niort-volley-ball.fr\/wp-content\/uploads\/2021\/09\/cropped-cropped-NVBLOGO-3.png","width":250,"height":250,"caption":"Niort Volley Ball"},"image":{"@id":"https:\/\/niort-volley-ball.fr\/#\/schema\/logo\/image\/"},"sameAs":["https:\/\/www.facebook.com\/niortvb\/","https:\/\/www.instagram.com\/niortvb\/"]}]}},"_links":{"self":[{"href":"https:\/\/niort-volley-ball.fr\/index.php\/wp-json\/wp\/v2\/pages\/385","targetHints":{"allow":["GET"]}}],"collection":[{"href":"https:\/\/niort-volley-ball.fr\/index.php\/wp-json\/wp\/v2\/pages"}],"about":[{"href":"https:\/\/niort-volley-ball.fr\/index.php\/wp-json\/wp\/v2\/types\/page"}],"author":[{"embeddable":true,"href":"https:\/\/niort-volley-ball.fr\/index.php\/wp-json\/wp\/v2\/users\/5"}],"replies":[{"embeddable":true,"href":"https:\/\/niort-volley-ball.fr\/index.php\/wp-json\/wp\/v2\/comments?post=385"}],"version-history":[{"count":20,"href":"https:\/\/niort-volley-ball.fr\/index.php\/wp-json\/wp\/v2\/pages\/385\/revisions"}],"predecessor-version":[{"id":616,"href":"https:\/\/niort-volley-ball.fr\/index.php\/wp-json\/wp\/v2\/pages\/385\/revisions\/616"}],"up":[{"embeddable":true,"href":"https:\/\/niort-volley-ball.fr\/index.php\/wp-json\/wp\/v2\/pages\/21"}],"wp:featuredmedia":[{"embeddable":true,"href":"https:\/\/niort-volley-ball.fr\/index.php\/wp-json\/wp\/v2\/media\/284"}],"wp:attachment":[{"href":"https:\/\/niort-volley-ball.fr\/index.php\/wp-json\/wp\/v2\/media?parent=385"}],"curies":[{"name":"wp","href":"https:\/\/api.w.org\/{rel}","templated":true}]}}